{"id":2,"date":"2020-04-07T14:03:21","date_gmt":"2020-04-07T12:03:21","guid":{"rendered":"http:\/\/www.gitelatilette.be\/?page_id=2"},"modified":"2020-06-09T00:52:42","modified_gmt":"2020-06-08T22:52:42","slug":"activites","status":"publish","type":"page","link":"https:\/\/www.gitelatilette.be\/index.php\/activites\/","title":{"rendered":"Activit\u00e9s"},"content":{"rendered":"\n<div class=\"wp-block-media-text alignwide is-stacked-on-mobile\"><figure class=\"wp-block-media-text__media\"><img loading=\"lazy\" width=\"1024\" height=\"821\" src=\"http:\/\/www.gitelatilette.be\/wp-content\/uploads\/2020\/06\/kicker-1024x821.jpg\" alt=\"\" class=\"wp-image-520\" srcset=\"https:\/\/www.gitelatilette.be\/wp-content\/uploads\/2020\/06\/kicker-1024x821.jpg 1024w, https:\/\/www.gitelatilette.be\/wp-content\/uploads\/2020\/06\/kicker-300x240.jpg 300w, https:\/\/www.gitelatilette.be\/wp-content\/uploads\/2020\/06\/kicker-768x615.jpg 768w, https:\/\/www.gitelatilette.be\/wp-content\/uploads\/2020\/06\/kicker-1536x1231.jpg 1536w, https:\/\/www.gitelatilette.be\/wp-content\/uploads\/2020\/06\/kicker-1200x962.jpg 1200w, https:\/\/www.gitelatilette.be\/wp-content\/uploads\/2020\/06\/kicker.jpg 1872w\" sizes=\"(max-width: 709px) 85vw, (max-width: 909px) 67vw, (max-width: 1362px) 62vw, 840px\" \/><\/figure><div class=\"wp-block-media-text__content\">\n<p class=\"has-normal-font-size\">Id\u00e9alement situ\u00e9 entre Dinant, Florennes, Mettet et Namur, le G\u00eete La Tilette offre un moment d&rsquo;\u00e9vasion et de d\u00e9couvertes par les sentiers, les lieux touristiques et les beaux paysages qui l&rsquo;entourent.<\/p>\n<\/div><\/div>\n\n\n\n<p><\/p>\n\n\n\n<h3>Comme lieux touristiques et activit\u00e9s vous pourrez, par exemple, visiter :<\/h3>\n\n\n\n<figure class=\"wp-block-gallery columns-2 is-cropped\"><ul class=\"blocks-gallery-grid\"><li class=\"blocks-gallery-item\"><figure><img loading=\"lazy\" width=\"1024\" height=\"576\" src=\"http:\/\/www.gitelatilette.be\/wp-content\/uploads\/2020\/06\/abbaye-de-maredret-2-1024x576.jpg\" alt=\"\" data-id=\"503\" data-full-url=\"http:\/\/www.gitelatilette.be\/wp-content\/uploads\/2020\/06\/abbaye-de-maredret-2.jpg\" data-link=\"http:\/\/www.gitelatilette.be\/index.php\/activites\/abbaye-de-maredret-2-2\/\" class=\"wp-image-503\" srcset=\"https:\/\/www.gitelatilette.be\/wp-content\/uploads\/2020\/06\/abbaye-de-maredret-2-1024x576.jpg 1024w, https:\/\/www.gitelatilette.be\/wp-content\/uploads\/2020\/06\/abbaye-de-maredret-2-300x169.jpg 300w, https:\/\/www.gitelatilette.be\/wp-content\/uploads\/2020\/06\/abbaye-de-maredret-2-768x432.jpg 768w, https:\/\/www.gitelatilette.be\/wp-content\/uploads\/2020\/06\/abbaye-de-maredret-2-1536x864.jpg 1536w, https:\/\/www.gitelatilette.be\/wp-content\/uploads\/2020\/06\/abbaye-de-maredret-2-2048x1152.jpg 2048w, https:\/\/www.gitelatilette.be\/wp-content\/uploads\/2020\/06\/abbaye-de-maredret-2-1200x675.jpg 1200w\" sizes=\"(max-width: 709px) 85vw, (max-width: 909px) 67vw, (max-width: 1362px) 62vw, 840px\" \/><figcaption class=\"blocks-gallery-item__caption\">L&rsquo;Abbaye b\u00e9n\u00e9dicitne de Maredret <a href=\"https:\/\/www.abbaye-maredret.be\/\" target=\"_blank\" rel=\"noreferrer noopener\">https:\/\/www.abbaye-maredret.be\/<\/a><\/figcaption><\/figure><\/li><li class=\"blocks-gallery-item\"><figure><img loading=\"lazy\" width=\"1024\" height=\"486\" src=\"http:\/\/www.gitelatilette.be\/wp-content\/uploads\/2020\/06\/Chateau-de-Bioul-vue-du-ciel-2-Copie-1-1024x486-2.jpg\" alt=\"\" data-id=\"504\" data-full-url=\"http:\/\/www.gitelatilette.be\/wp-content\/uploads\/2020\/06\/Chateau-de-Bioul-vue-du-ciel-2-Copie-1-1024x486-2.jpg\" data-link=\"http:\/\/www.gitelatilette.be\/index.php\/activites\/chateau-de-bioul-vue-du-ciel-2-copie-1-1024x486-2\/\" class=\"wp-image-504\" srcset=\"https:\/\/www.gitelatilette.be\/wp-content\/uploads\/2020\/06\/Chateau-de-Bioul-vue-du-ciel-2-Copie-1-1024x486-2.jpg 1024w, https:\/\/www.gitelatilette.be\/wp-content\/uploads\/2020\/06\/Chateau-de-Bioul-vue-du-ciel-2-Copie-1-1024x486-2-300x142.jpg 300w, https:\/\/www.gitelatilette.be\/wp-content\/uploads\/2020\/06\/Chateau-de-Bioul-vue-du-ciel-2-Copie-1-1024x486-2-768x365.jpg 768w\" sizes=\"(max-width: 709px) 85vw, (max-width: 909px) 67vw, (max-width: 1362px) 62vw, 840px\" \/><figcaption class=\"blocks-gallery-item__caption\">Ch\u00e2teau de Bioul <a href=\"https:\/\/www.chateaudebioul.be\/\" target=\"_blank\" rel=\"noreferrer noopener\">https:\/\/www.chateaudebioul.be\/<\/a><\/figcaption><\/figure><\/li><li class=\"blocks-gallery-item\"><figure><img loading=\"lazy\" width=\"1024\" height=\"408\" src=\"http:\/\/www.gitelatilette.be\/wp-content\/uploads\/2020\/06\/draisines-2-1024x408.jpeg\" alt=\"\" data-id=\"505\" data-full-url=\"http:\/\/www.gitelatilette.be\/wp-content\/uploads\/2020\/06\/draisines-2.jpeg\" data-link=\"http:\/\/www.gitelatilette.be\/index.php\/activites\/draisines-2-2\/\" class=\"wp-image-505\" srcset=\"https:\/\/www.gitelatilette.be\/wp-content\/uploads\/2020\/06\/draisines-2-1024x408.jpeg 1024w, https:\/\/www.gitelatilette.be\/wp-content\/uploads\/2020\/06\/draisines-2-300x120.jpeg 300w, https:\/\/www.gitelatilette.be\/wp-content\/uploads\/2020\/06\/draisines-2-768x306.jpeg 768w, https:\/\/www.gitelatilette.be\/wp-content\/uploads\/2020\/06\/draisines-2-1200x478.jpeg 1200w, https:\/\/www.gitelatilette.be\/wp-content\/uploads\/2020\/06\/draisines-2.jpeg 1300w\" sizes=\"(max-width: 709px) 85vw, (max-width: 909px) 67vw, (max-width: 1362px) 62vw, 840px\" \/><figcaption class=\"blocks-gallery-item__caption\">Les draisines de la Molign\u00e9e <a href=\"http:\/\/www.draisines.online\/\" target=\"_blank\" rel=\"noreferrer noopener\">http:\/\/www.draisines.online\/<\/a><\/figcaption><\/figure><\/li><li class=\"blocks-gallery-item\"><figure><img loading=\"lazy\" width=\"1024\" height=\"538\" src=\"http:\/\/www.gitelatilette.be\/wp-content\/uploads\/2020\/06\/ile-d-yvoir-1-1024x538.jpg\" alt=\"\" data-id=\"506\" data-full-url=\"http:\/\/www.gitelatilette.be\/wp-content\/uploads\/2020\/06\/ile-d-yvoir-1.jpg\" data-link=\"http:\/\/www.gitelatilette.be\/index.php\/activites\/ile-d-yvoir-1\/\" class=\"wp-image-506\" srcset=\"https:\/\/www.gitelatilette.be\/wp-content\/uploads\/2020\/06\/ile-d-yvoir-1-1024x538.jpg 1024w, https:\/\/www.gitelatilette.be\/wp-content\/uploads\/2020\/06\/ile-d-yvoir-1-300x158.jpg 300w, https:\/\/www.gitelatilette.be\/wp-content\/uploads\/2020\/06\/ile-d-yvoir-1-768x403.jpg 768w, https:\/\/www.gitelatilette.be\/wp-content\/uploads\/2020\/06\/ile-d-yvoir-1.jpg 1200w\" sizes=\"(max-width: 709px) 85vw, (max-width: 909px) 67vw, (max-width: 1362px) 62vw, 840px\" \/><figcaption class=\"blocks-gallery-item__caption\">Ile d&rsquo;Yvoir : centre de loisirs <a href=\"https:\/\/www.iledyvoir.com\/\" target=\"_blank\" rel=\"noreferrer noopener\">https:\/\/www.iledyvoir.com\/<\/a><\/figcaption><\/figure><\/li><li class=\"blocks-gallery-item\"><figure><img loading=\"lazy\" width=\"840\" height=\"473\" src=\"http:\/\/www.gitelatilette.be\/wp-content\/uploads\/2020\/06\/jardins-2.jpg\" alt=\"\" data-id=\"507\" data-full-url=\"http:\/\/www.gitelatilette.be\/wp-content\/uploads\/2020\/06\/jardins-2.jpg\" data-link=\"http:\/\/www.gitelatilette.be\/index.php\/activites\/jardins-2-2\/\" class=\"wp-image-507\" srcset=\"https:\/\/www.gitelatilette.be\/wp-content\/uploads\/2020\/06\/jardins-2.jpg 840w, https:\/\/www.gitelatilette.be\/wp-content\/uploads\/2020\/06\/jardins-2-300x169.jpg 300w, https:\/\/www.gitelatilette.be\/wp-content\/uploads\/2020\/06\/jardins-2-768x432.jpg 768w\" sizes=\"(max-width: 709px) 85vw, (max-width: 909px) 67vw, (max-width: 1362px) 62vw, 840px\" \/><figcaption class=\"blocks-gallery-item__caption\">Les Jardins d&rsquo;Annevoie <a href=\"http:\/\/www.annevoie.be\/fr\/\" target=\"_blank\" rel=\"noreferrer noopener\">http:\/\/www.annevoie.be\/fr\/<\/a><\/figcaption><\/figure><\/li><li class=\"blocks-gallery-item\"><figure><img loading=\"lazy\" width=\"768\" height=\"512\" src=\"http:\/\/www.gitelatilette.be\/wp-content\/uploads\/2020\/06\/Maredsous-1-3.jpg\" alt=\"\" data-id=\"510\" data-full-url=\"http:\/\/www.gitelatilette.be\/wp-content\/uploads\/2020\/06\/Maredsous-1-3.jpg\" data-link=\"http:\/\/www.gitelatilette.be\/index.php\/activites\/maredsous-1-3\/\" class=\"wp-image-510\" srcset=\"https:\/\/www.gitelatilette.be\/wp-content\/uploads\/2020\/06\/Maredsous-1-3.jpg 768w, https:\/\/www.gitelatilette.be\/wp-content\/uploads\/2020\/06\/Maredsous-1-3-300x200.jpg 300w\" sizes=\"(max-width: 768px) 85vw, 768px\" \/><figcaption class=\"blocks-gallery-item__caption\">L&rsquo;Abbaye de Maredsous<br><a href=\"http:\/\/www.maredsous.be\" target=\"_blank\" rel=\"noreferrer noopener\">http:\/\/www.maredsous.be<\/a><\/figcaption><\/figure><\/li><li class=\"blocks-gallery-item\"><figure><img loading=\"lazy\" width=\"1024\" height=\"538\" src=\"http:\/\/www.gitelatilette.be\/wp-content\/uploads\/2020\/06\/medieval-mosan-1-1024x538.jpg\" alt=\"\" data-id=\"511\" data-full-url=\"http:\/\/www.gitelatilette.be\/wp-content\/uploads\/2020\/06\/medieval-mosan-1.jpg\" data-link=\"http:\/\/www.gitelatilette.be\/index.php\/activites\/medieval-mosan-1\/\" class=\"wp-image-511\" srcset=\"https:\/\/www.gitelatilette.be\/wp-content\/uploads\/2020\/06\/medieval-mosan-1-1024x538.jpg 1024w, https:\/\/www.gitelatilette.be\/wp-content\/uploads\/2020\/06\/medieval-mosan-1-300x158.jpg 300w, https:\/\/www.gitelatilette.be\/wp-content\/uploads\/2020\/06\/medieval-mosan-1-768x403.jpg 768w, https:\/\/www.gitelatilette.be\/wp-content\/uploads\/2020\/06\/medieval-mosan-1.jpg 1200w\" sizes=\"(max-width: 709px) 85vw, (max-width: 909px) 67vw, (max-width: 1362px) 62vw, 840px\" \/><figcaption class=\"blocks-gallery-item__caption\">Maison du patrimoine m\u00e9di\u00e9val mosan (Dinant) <a href=\"https:\/\/www.mpmm.be\/\" target=\"_blank\" rel=\"noreferrer noopener\">https:\/\/www.mpmm.be\/<\/a><\/figcaption><\/figure><\/li><li class=\"blocks-gallery-item\"><figure><img loading=\"lazy\" width=\"753\" height=\"500\" src=\"http:\/\/www.gitelatilette.be\/wp-content\/uploads\/2020\/06\/ruine-poilvache-2.jpg\" alt=\"\" data-id=\"512\" data-full-url=\"http:\/\/www.gitelatilette.be\/wp-content\/uploads\/2020\/06\/ruine-poilvache-2.jpg\" data-link=\"http:\/\/www.gitelatilette.be\/index.php\/activites\/ruine-poilvache-2-2\/\" class=\"wp-image-512\" srcset=\"https:\/\/www.gitelatilette.be\/wp-content\/uploads\/2020\/06\/ruine-poilvache-2.jpg 753w, https:\/\/www.gitelatilette.be\/wp-content\/uploads\/2020\/06\/ruine-poilvache-2-300x199.jpg 300w\" sizes=\"(max-width: 753px) 85vw, 753px\" \/><figcaption class=\"blocks-gallery-item__caption\">Le Ch\u00e2teau de Poilvache Yvoir-fort m\u00e9di\u00e9val en ruine <a href=\"http:\/\/www.poilvache.be\/\" target=\"_blank\" rel=\"noreferrer noopener\">http:\/\/www.poilvache.be\/<\/a><\/figcaption><\/figure><\/li><li class=\"blocks-gallery-item\"><figure><img loading=\"lazy\" width=\"588\" height=\"311\" src=\"http:\/\/www.gitelatilette.be\/wp-content\/uploads\/2020\/06\/ruines-2.jpg\" alt=\"\" data-id=\"513\" data-full-url=\"http:\/\/www.gitelatilette.be\/wp-content\/uploads\/2020\/06\/ruines-2.jpg\" data-link=\"http:\/\/www.gitelatilette.be\/index.php\/activites\/ruines-2-2\/\" class=\"wp-image-513\" srcset=\"https:\/\/www.gitelatilette.be\/wp-content\/uploads\/2020\/06\/ruines-2.jpg 588w, https:\/\/www.gitelatilette.be\/wp-content\/uploads\/2020\/06\/ruines-2-300x159.jpg 300w\" sizes=\"(max-width: 588px) 85vw, 588px\" \/><figcaption class=\"blocks-gallery-item__caption\">Les ruines du ch\u00e2teau fort de Montaigle <a href=\"http:\/\/montaigle.be\/redirect\/accueil\/\" target=\"_blank\" rel=\"noreferrer noopener\">http:\/\/montaigle.be\/redirect\/accueil\/<\/a><\/figcaption><\/figure><\/li><li class=\"blocks-gallery-item\"><figure><img loading=\"lazy\" width=\"512\" height=\"340\" src=\"http:\/\/www.gitelatilette.be\/wp-content\/uploads\/2020\/06\/saint-gerard-1.jpg\" alt=\"\" data-id=\"514\" data-full-url=\"http:\/\/www.gitelatilette.be\/wp-content\/uploads\/2020\/06\/saint-gerard-1.jpg\" data-link=\"http:\/\/www.gitelatilette.be\/index.php\/activites\/saint-gerard-1\/\" class=\"wp-image-514\" srcset=\"https:\/\/www.gitelatilette.be\/wp-content\/uploads\/2020\/06\/saint-gerard-1.jpg 512w, https:\/\/www.gitelatilette.be\/wp-content\/uploads\/2020\/06\/saint-gerard-1-300x199.jpg 300w\" sizes=\"(max-width: 512px) 85vw, 512px\" \/><figcaption class=\"blocks-gallery-item__caption\">L&rsquo;Abbaye de Saint-G\u00e9rard de Brogne &#8211; micro-brasserie <a href=\"http:\/\/www.brogne.be\/\" target=\"_blank\" rel=\"noreferrer noopener\">http:\/\/www.brogne.be\/<\/a><\/figcaption><\/figure><\/li><li class=\"blocks-gallery-item\"><figure><img loading=\"lazy\" width=\"512\" height=\"410\" src=\"http:\/\/www.gitelatilette.be\/wp-content\/uploads\/2020\/06\/sosoye-2.jpg\" alt=\"\" data-id=\"515\" data-full-url=\"http:\/\/www.gitelatilette.be\/wp-content\/uploads\/2020\/06\/sosoye-2.jpg\" data-link=\"http:\/\/www.gitelatilette.be\/index.php\/activites\/sosoye-2-2\/\" class=\"wp-image-515\" srcset=\"https:\/\/www.gitelatilette.be\/wp-content\/uploads\/2020\/06\/sosoye-2.jpg 512w, https:\/\/www.gitelatilette.be\/wp-content\/uploads\/2020\/06\/sosoye-2-300x240.jpg 300w\" sizes=\"(max-width: 512px) 85vw, 512px\" \/><figcaption class=\"blocks-gallery-item__caption\">Sosoye, l&rsquo;un des plus beaux villages de Wallonie <a href=\"http:\/\/www.beauxvillages.be\/les-villages\/sosoye.htm?lng=fr\" target=\"_blank\" rel=\"noreferrer noopener\">http:\/\/www.beauxvillages.be\/les-villages\/sosoye.htm?lng=fr<\/a><\/figcaption><\/figure><\/li><li class=\"blocks-gallery-item\"><figure><img loading=\"lazy\" width=\"1024\" height=\"527\" src=\"http:\/\/www.gitelatilette.be\/wp-content\/uploads\/2020\/06\/thozee-1-1024x527.jpg\" alt=\"\" data-id=\"516\" data-full-url=\"http:\/\/www.gitelatilette.be\/wp-content\/uploads\/2020\/06\/thozee-1.jpg\" data-link=\"http:\/\/www.gitelatilette.be\/index.php\/activites\/thozee-1\/\" class=\"wp-image-516\" srcset=\"https:\/\/www.gitelatilette.be\/wp-content\/uploads\/2020\/06\/thozee-1-1024x527.jpg 1024w, https:\/\/www.gitelatilette.be\/wp-content\/uploads\/2020\/06\/thozee-1-300x155.jpg 300w, https:\/\/www.gitelatilette.be\/wp-content\/uploads\/2020\/06\/thozee-1-768x396.jpg 768w, https:\/\/www.gitelatilette.be\/wp-content\/uploads\/2020\/06\/thozee-1.jpg 1200w\" sizes=\"(max-width: 709px) 85vw, (max-width: 909px) 67vw, (max-width: 1362px) 62vw, 840px\" \/><figcaption class=\"blocks-gallery-item__caption\">Ch\u00e2teau de Thoz\u00e9e <a href=\"http:\/\/www.fondsrops.org\/\" target=\"_blank\" rel=\"noreferrer noopener\">http:\/\/www.fondsrops.org\/<\/a><\/figcaption><\/figure><\/li><\/ul><\/figure>\n\n\n\n<h2>March\u00e9s hebdomadaires \u00e0 proximit\u00e9 :<\/h2>\n\n\n\n<figure class=\"wp-block-image size-large\"><img loading=\"lazy\" width=\"378\" height=\"254\" src=\"http:\/\/www.gitelatilette.be\/wp-content\/uploads\/2020\/06\/marche-2.jpg\" alt=\"\" class=\"wp-image-518\" srcset=\"https:\/\/www.gitelatilette.be\/wp-content\/uploads\/2020\/06\/marche-2.jpg 378w, https:\/\/www.gitelatilette.be\/wp-content\/uploads\/2020\/06\/marche-2-300x202.jpg 300w\" sizes=\"(max-width: 378px) 85vw, 378px\" \/><\/figure>\n\n\n\n<ul><li>Anh\u00e9e : le mardi de 08h00 \u00e0 13h00<\/li><li>Yvoir : le samedi de 08h00 \u00e0 13h00<\/li><li>Mettet : le mardi de 08h00 \u00e0 13h00<\/li><li>Onhaye : le dimanche de 08h00 \u00e0 13h00<\/li><li>Florennes : le jeudi de 08h00 \u00e0 13h00 <\/li><li>Hasti\u00e8re : le samedi de 14h30 \u00e0 18h00 <\/li><li>Dinant : le vendredi de 07h00 \u00e0 13h00<\/li><\/ul>\n\n\n\n<p>Suivez-nous sur la page facebook du Gite La Tilette afin de suivre l&rsquo;actualit\u00e9 de la r\u00e9gion.<\/p>\n\n\n\n\n\n<p><\/p>\n","protected":false},"excerpt":{"rendered":"<p>Id\u00e9alement situ\u00e9 entre Dinant, Florennes, Mettet et Namur, le G\u00eete La Tilette offre un moment d&rsquo;\u00e9vasion et de d\u00e9couvertes par les sentiers, les lieux touristiques et les beaux paysages qui l&rsquo;entourent. Comme lieux touristiques et activit\u00e9s vous pourrez, par exemple, visiter : March\u00e9s hebdomadaires \u00e0 proximit\u00e9 : Anh\u00e9e : le mardi de 08h00 \u00e0 13h00 &hellip; <a href=\"https:\/\/www.gitelatilette.be\/index.php\/activites\/\" class=\"more-link\">Continuer la lecture<span class=\"screen-reader-text\"> de &laquo;&nbsp;Activit\u00e9s&nbsp;&raquo;<\/span><\/a><\/p>\n","protected":false},"author":1,"featured_media":0,"parent":0,"menu_order":0,"comment_status":"closed","ping_status":"open","template":"","meta":{"_monsterinsights_skip_tracking":false,"_monsterinsights_sitenote_active":false,"_monsterinsights_sitenote_note":"","_monsterinsights_sitenote_category":0},"_links":{"self":[{"href":"https:\/\/www.gitelatilette.be\/index.php\/wp-json\/wp\/v2\/pages\/2"}],"collection":[{"href":"https:\/\/www.gitelatilette.be\/index.php\/wp-json\/wp\/v2\/pages"}],"about":[{"href":"https:\/\/www.gitelatilette.be\/index.php\/wp-json\/wp\/v2\/types\/page"}],"author":[{"embeddable":true,"href":"https:\/\/www.gitelatilette.be\/index.php\/wp-json\/wp\/v2\/users\/1"}],"replies":[{"embeddable":true,"href":"https:\/\/www.gitelatilette.be\/index.php\/wp-json\/wp\/v2\/comments?post=2"}],"version-history":[{"count":19,"href":"https:\/\/www.gitelatilette.be\/index.php\/wp-json\/wp\/v2\/pages\/2\/revisions"}],"predecessor-version":[{"id":573,"href":"https:\/\/www.gitelatilette.be\/index.php\/wp-json\/wp\/v2\/pages\/2\/revisions\/573"}],"wp:attachment":[{"href":"https:\/\/www.gitelatilette.be\/index.php\/wp-json\/wp\/v2\/media?parent=2"}],"curies":[{"name":"wp","href":"https:\/\/api.w.org\/{rel}","templated":true}]}}