{"id":37,"date":"2020-04-07T15:18:23","date_gmt":"2020-04-07T13:18:23","guid":{"rendered":"http:\/\/www.gitelatilette.be\/?page_id=37"},"modified":"2025-09-29T11:28:56","modified_gmt":"2025-09-29T09:28:56","slug":"gite","status":"publish","type":"page","link":"https:\/\/www.gitelatilette.be\/index.php\/gite\/","title":{"rendered":"Le g\u00eete"},"content":{"rendered":"\n<p><strong><em>Configuration du G\u00eete La Tilette :<\/em><\/strong><\/p>\n\n\n\n<p><strong>Premier \u00e9tage :<\/strong><\/p>\n\n\n\n<div class=\"wp-block-media-text alignwide has-media-on-the-right is-stacked-on-mobile\"><figure class=\"wp-block-media-text__media\"><img loading=\"lazy\" width=\"1024\" height=\"768\" src=\"http:\/\/www.gitelatilette.be\/wp-content\/uploads\/2020\/04\/93803821_2400584746900402_8932135909445337088_n-1024x768.jpg\" alt=\"\" class=\"wp-image-269 size-full\" srcset=\"https:\/\/www.gitelatilette.be\/wp-content\/uploads\/2020\/04\/93803821_2400584746900402_8932135909445337088_n-1024x768.jpg 1024w, https:\/\/www.gitelatilette.be\/wp-content\/uploads\/2020\/04\/93803821_2400584746900402_8932135909445337088_n-300x225.jpg 300w, https:\/\/www.gitelatilette.be\/wp-content\/uploads\/2020\/04\/93803821_2400584746900402_8932135909445337088_n-768x576.jpg 768w, https:\/\/www.gitelatilette.be\/wp-content\/uploads\/2020\/04\/93803821_2400584746900402_8932135909445337088_n-1536x1152.jpg 1536w, https:\/\/www.gitelatilette.be\/wp-content\/uploads\/2020\/04\/93803821_2400584746900402_8932135909445337088_n.jpg 1728w\" sizes=\"(max-width: 709px) 85vw, (max-width: 909px) 67vw, (max-width: 1362px) 62vw, 840px\" \/><\/figure><div class=\"wp-block-media-text__content\">\n<ul><li>chambre 1 avec 2 lits simples ;<\/li><\/ul>\n<\/div><\/div>\n\n\n\n<div class=\"wp-block-media-text alignwide has-media-on-the-right is-stacked-on-mobile\"><figure class=\"wp-block-media-text__media\"><img loading=\"lazy\" width=\"1024\" height=\"768\" src=\"http:\/\/www.gitelatilette.be\/wp-content\/uploads\/2020\/04\/94143915_690787498420813_1292317425567531008_n-1024x768.jpg\" alt=\"\" class=\"wp-image-275 size-full\" srcset=\"https:\/\/www.gitelatilette.be\/wp-content\/uploads\/2020\/04\/94143915_690787498420813_1292317425567531008_n-1024x768.jpg 1024w, https:\/\/www.gitelatilette.be\/wp-content\/uploads\/2020\/04\/94143915_690787498420813_1292317425567531008_n-300x225.jpg 300w, https:\/\/www.gitelatilette.be\/wp-content\/uploads\/2020\/04\/94143915_690787498420813_1292317425567531008_n-768x576.jpg 768w, https:\/\/www.gitelatilette.be\/wp-content\/uploads\/2020\/04\/94143915_690787498420813_1292317425567531008_n-1536x1152.jpg 1536w, https:\/\/www.gitelatilette.be\/wp-content\/uploads\/2020\/04\/94143915_690787498420813_1292317425567531008_n.jpg 1728w\" sizes=\"(max-width: 709px) 85vw, (max-width: 909px) 67vw, (max-width: 1362px) 62vw, 840px\" \/><\/figure><div class=\"wp-block-media-text__content\">\n<ul><li>chambre 2 avec 3 lits simples ;<\/li><\/ul>\n\n\n\n<figure class=\"wp-block-image size-large\"><img loading=\"lazy\" width=\"1024\" height=\"768\" src=\"http:\/\/www.gitelatilette.be\/wp-content\/uploads\/2020\/04\/93839088_2284928641812148_8233434886044647424_n-1024x768.jpg\" alt=\"\" class=\"wp-image-270\" srcset=\"https:\/\/www.gitelatilette.be\/wp-content\/uploads\/2020\/04\/93839088_2284928641812148_8233434886044647424_n-1024x768.jpg 1024w, https:\/\/www.gitelatilette.be\/wp-content\/uploads\/2020\/04\/93839088_2284928641812148_8233434886044647424_n-300x225.jpg 300w, https:\/\/www.gitelatilette.be\/wp-content\/uploads\/2020\/04\/93839088_2284928641812148_8233434886044647424_n-768x576.jpg 768w, https:\/\/www.gitelatilette.be\/wp-content\/uploads\/2020\/04\/93839088_2284928641812148_8233434886044647424_n-1536x1152.jpg 1536w, https:\/\/www.gitelatilette.be\/wp-content\/uploads\/2020\/04\/93839088_2284928641812148_8233434886044647424_n.jpg 1728w\" sizes=\"(max-width: 709px) 85vw, (max-width: 909px) 67vw, (max-width: 1362px) 62vw, 840px\" \/><\/figure>\n<\/div><\/div>\n\n\n\n<div class=\"wp-block-media-text alignwide has-media-on-the-right is-stacked-on-mobile\"><figure class=\"wp-block-media-text__media\"><img loading=\"lazy\" width=\"1024\" height=\"821\" src=\"http:\/\/www.gitelatilette.be\/wp-content\/uploads\/2020\/04\/94081028_657717691748312_2509334921860874240_n-1024x821.jpg\" alt=\"\" class=\"wp-image-274 size-full\" srcset=\"https:\/\/www.gitelatilette.be\/wp-content\/uploads\/2020\/04\/94081028_657717691748312_2509334921860874240_n-1024x821.jpg 1024w, https:\/\/www.gitelatilette.be\/wp-content\/uploads\/2020\/04\/94081028_657717691748312_2509334921860874240_n-300x240.jpg 300w, https:\/\/www.gitelatilette.be\/wp-content\/uploads\/2020\/04\/94081028_657717691748312_2509334921860874240_n-768x615.jpg 768w, https:\/\/www.gitelatilette.be\/wp-content\/uploads\/2020\/04\/94081028_657717691748312_2509334921860874240_n-1536x1231.jpg 1536w, https:\/\/www.gitelatilette.be\/wp-content\/uploads\/2020\/04\/94081028_657717691748312_2509334921860874240_n.jpg 1872w\" sizes=\"(max-width: 709px) 85vw, (max-width: 909px) 67vw, (max-width: 1362px) 62vw, 840px\" \/><\/figure><div class=\"wp-block-media-text__content\">\n<ul><li>chambre 3 avec 2 lits simples ;<\/li><\/ul>\n\n\n\n<p><\/p>\n<\/div><\/div>\n\n\n\n<div class=\"wp-block-media-text alignwide has-media-on-the-right is-stacked-on-mobile\"><figure class=\"wp-block-media-text__media\"><img loading=\"lazy\" width=\"528\" height=\"712\" src=\"http:\/\/www.gitelatilette.be\/wp-content\/uploads\/2020\/04\/89111193_2509498782621877_3938115020474286080_n.jpg\" alt=\"\" class=\"wp-image-267 size-full\" srcset=\"https:\/\/www.gitelatilette.be\/wp-content\/uploads\/2020\/04\/89111193_2509498782621877_3938115020474286080_n.jpg 528w, https:\/\/www.gitelatilette.be\/wp-content\/uploads\/2020\/04\/89111193_2509498782621877_3938115020474286080_n-222x300.jpg 222w\" sizes=\"(max-width: 528px) 85vw, 528px\" \/><\/figure><div class=\"wp-block-media-text__content\">\n<ul><li>chambre 4 avec 3 lits simples et une salle-de-douche privative (1 lavabo + 1 douche);<\/li><\/ul>\n<\/div><\/div>\n\n\n\n<div class=\"wp-block-media-text alignwide has-media-on-the-right is-stacked-on-mobile\"><figure class=\"wp-block-media-text__media\"><img loading=\"lazy\" width=\"1024\" height=\"774\" src=\"http:\/\/www.gitelatilette.be\/wp-content\/uploads\/2020\/04\/88958885_1427198064120144_8601739408397303808_n-1024x774.jpg\" alt=\"\" class=\"wp-image-266 size-full\"\/><\/figure><div class=\"wp-block-media-text__content\">\n<ul><li>chambre 5 avec 2 lits simples ;<\/li><\/ul>\n<\/div><\/div>\n\n\n\n<p>&#8211; 3 lits b\u00e9b\u00e9s ;     <\/p>\n\n\n\n<div class=\"wp-block-media-text alignwide has-media-on-the-right is-stacked-on-mobile\"><figure class=\"wp-block-media-text__media\"><img loading=\"lazy\" width=\"768\" height=\"1024\" src=\"http:\/\/www.gitelatilette.be\/wp-content\/uploads\/2020\/06\/101633418_258586098912099_5667011142921224192_n-768x1024.jpg\" alt=\"\" class=\"wp-image-435 size-full\" srcset=\"https:\/\/www.gitelatilette.be\/wp-content\/uploads\/2020\/06\/101633418_258586098912099_5667011142921224192_n-768x1024.jpg 768w, https:\/\/www.gitelatilette.be\/wp-content\/uploads\/2020\/06\/101633418_258586098912099_5667011142921224192_n-225x300.jpg 225w, https:\/\/www.gitelatilette.be\/wp-content\/uploads\/2020\/06\/101633418_258586098912099_5667011142921224192_n-1152x1536.jpg 1152w, https:\/\/www.gitelatilette.be\/wp-content\/uploads\/2020\/06\/101633418_258586098912099_5667011142921224192_n-1200x1600.jpg 1200w, https:\/\/www.gitelatilette.be\/wp-content\/uploads\/2020\/06\/101633418_258586098912099_5667011142921224192_n.jpg 1296w\" sizes=\"(max-width: 768px) 85vw, 768px\" \/><\/figure><div class=\"wp-block-media-text__content\">\n<ul><li> 1 salle-de-douche (1 double-lavabo + 1 douche + 1 wc) ;<\/li><\/ul>\n<\/div><\/div>\n\n\n\n<div class=\"wp-block-media-text alignwide has-media-on-the-right is-stacked-on-mobile\"><figure class=\"wp-block-media-text__media\"><img loading=\"lazy\" width=\"768\" height=\"1024\" src=\"http:\/\/www.gitelatilette.be\/wp-content\/uploads\/2020\/06\/IMG_20200527_222558-1-768x1024.jpg\" alt=\"\" class=\"wp-image-438 size-full\" srcset=\"https:\/\/www.gitelatilette.be\/wp-content\/uploads\/2020\/06\/IMG_20200527_222558-1-768x1024.jpg 768w, https:\/\/www.gitelatilette.be\/wp-content\/uploads\/2020\/06\/IMG_20200527_222558-1-225x300.jpg 225w, https:\/\/www.gitelatilette.be\/wp-content\/uploads\/2020\/06\/IMG_20200527_222558-1-1152x1536.jpg 1152w, https:\/\/www.gitelatilette.be\/wp-content\/uploads\/2020\/06\/IMG_20200527_222558-1-1536x2048.jpg 1536w, https:\/\/www.gitelatilette.be\/wp-content\/uploads\/2020\/06\/IMG_20200527_222558-1-1200x1600.jpg 1200w, https:\/\/www.gitelatilette.be\/wp-content\/uploads\/2020\/06\/IMG_20200527_222558-1-scaled.jpg 1920w\" sizes=\"(max-width: 768px) 85vw, 768px\" \/><\/figure><div class=\"wp-block-media-text__content\">\n<ul><li>1 salle-de-bain (1 baignoire + 1 meuble lavabo + 1 table \u00e0 langer + 1 wc) ;<\/li><\/ul>\n<\/div><\/div>\n\n\n\n<p>&#8211; 1 espace d\u00e9tente \/ biblioth\u00e8que<\/p>\n\n\n\n<p><strong>Rez-de-chauss\u00e9e :    <\/strong>           <\/p>\n\n\n\n<p>&#8211; 1 hall d&rsquo;entr\u00e9e ;      <\/p>\n\n\n\n<p>&#8211; 1 salon avec TV,  cassette \u00e0 pellets ;   <\/p>\n\n\n\n<p>&#8211; 1 salle \u00e0 manger ;      <\/p>\n\n\n\n<p>&#8211; 1 cuisine \u00e9quip\u00e9e : Plaques de cuisson vitroc\u00e9ramique, un four, une hotte, un four micro-ondes, un combi frigo cong\u00e9lateur, un lave-vaisselle, une cafeti\u00e8re ;     <\/p>\n\n\n\n<p>&#8211; 1 buanderie avec douche, lavabo, machine \u00e0 laver, fer \u00e0 repasser + planche ;                                <\/p>\n\n\n\n<p>&#8211; 1 pi\u00e8ce rangement avec vidoir, aspirateur, n\u00e9cessaire de nettoyage ;     <\/p>\n\n\n\n<p>&#8211; 2 WC s\u00e9par\u00e9s ;                               <\/p>\n\n\n\n<p>&#8211; 1 salle de jeux ;        <\/p>\n\n\n\n<p>&#8211; 1 espace d\u00e9tente \/ piano                                            <\/p>\n\n\n\n<p><strong>Sous-sol :     <\/strong><\/p>\n\n\n\n<p>1 salle de d\u00e9tente avec kicker, jeu de fl\u00e9chette et bar                           <\/p>\n\n\n\n<p><strong>Ext\u00e9rieurs : <\/strong>   <\/p>\n\n\n\n<p>Terrasse, mobilier de jardin, barbecue, pelouse, parking priv\u00e9, jacuzzi privatif ext\u00e9rieur (disponible de avril \u00e0 septembre inclus), balan\u00e7oire<\/p>\n\n\n\n<p><\/p>\n","protected":false},"excerpt":{"rendered":"<p>Configuration du G\u00eete La Tilette : Premier \u00e9tage : chambre 1 avec 2 lits simples ; chambre 3 avec 2 lits simples ; chambre 4 avec 3 lits simples et une salle-de-douche privative (1 lavabo + 1 douche); chambre 5 avec 2 lits simples ; &#8211; 3 lits b\u00e9b\u00e9s ; 1 salle-de-douche (1 double-lavabo + &hellip; <a href=\"https:\/\/www.gitelatilette.be\/index.php\/gite\/\" class=\"more-link\">Continuer la lecture<span class=\"screen-reader-text\"> de &laquo;&nbsp;Le g\u00eete&nbsp;&raquo;<\/span><\/a><\/p>\n","protected":false},"author":1,"featured_media":433,"parent":0,"menu_order":0,"comment_status":"closed","ping_status":"closed","template":"","meta":{"_monsterinsights_skip_tracking":false,"_monsterinsights_sitenote_active":false,"_monsterinsights_sitenote_note":"","_monsterinsights_sitenote_category":0},"_links":{"self":[{"href":"https:\/\/www.gitelatilette.be\/index.php\/wp-json\/wp\/v2\/pages\/37"}],"collection":[{"href":"https:\/\/www.gitelatilette.be\/index.php\/wp-json\/wp\/v2\/pages"}],"about":[{"href":"https:\/\/www.gitelatilette.be\/index.php\/wp-json\/wp\/v2\/types\/page"}],"author":[{"embeddable":true,"href":"https:\/\/www.gitelatilette.be\/index.php\/wp-json\/wp\/v2\/users\/1"}],"replies":[{"embeddable":true,"href":"https:\/\/www.gitelatilette.be\/index.php\/wp-json\/wp\/v2\/comments?post=37"}],"version-history":[{"count":24,"href":"https:\/\/www.gitelatilette.be\/index.php\/wp-json\/wp\/v2\/pages\/37\/revisions"}],"predecessor-version":[{"id":657,"href":"https:\/\/www.gitelatilette.be\/index.php\/wp-json\/wp\/v2\/pages\/37\/revisions\/657"}],"wp:featuredmedia":[{"embeddable":true,"href":"https:\/\/www.gitelatilette.be\/index.php\/wp-json\/wp\/v2\/media\/433"}],"wp:attachment":[{"href":"https:\/\/www.gitelatilette.be\/index.php\/wp-json\/wp\/v2\/media?parent=37"}],"curies":[{"name":"wp","href":"https:\/\/api.w.org\/{rel}","templated":true}]}}