{"id":389,"date":"2020-05-12T15:23:05","date_gmt":"2020-05-12T13:23:05","guid":{"rendered":"http:\/\/www.gitelatilette.be\/?page_id=389"},"modified":"2020-07-01T00:07:55","modified_gmt":"2020-06-30T22:07:55","slug":"welkom","status":"publish","type":"page","link":"https:\/\/www.gitelatilette.be\/index.php\/nl\/welkom\/","title":{"rendered":"Welkom"},"content":{"rendered":"\n<p>Welkom op onze site G\u00eete la Tilette.<\/p>\n\n\n\n<p>Dit oude melkveebedrijf is omgebouwd tot huisje en ligt in Den\u00e9e, op 2 stappen van Maredsous. De renovatie gebeurt in overeenstemming met de bestaande materialen.<\/p>\n\n\n\n<p>De \u201cGite\u201d bevindt zich in de gemeente Anh\u00e9e, een streek met een buitengewoon toeristisch potentieel.<\/p>\n\n\n\n<p>Tijdens uw verblijf zult u genieten van de wandel en fietspaden (zeer mooie ravels), een natuurreservaat (Sosoye &#8211; \u00e9\u00e9n van de mooiste dorpen van Walloni\u00eb), omliggende dorpen met hun lokale stenen huizen (Haut-le-Wastia, Maredret, Salet en Warnant), blauwe en zwarte marmergroeven (Den\u00e9e) en religieuze gebouwen (Maredret en Maredsous). Talrijke paden zullen de fietsers en wandelaars bekoren.<\/p>\n\n\n\n<p>De aanwezigheid van gerenommeerde toeristische attracties is ook het vermelden waard: de tuinen van Annevoie, het herinneringsmuseum (over de tweede wereldoorlog) in Haut-le -Wastia, en de slakkenkwekerij in Warnant.<\/p>\n\n\n\n<p>De gemeente wordt doorkruist door de \u201cRavel de la Meuse\u201d en de \u201cRavel de la Molign\u00e9e\u201d, maar ook door andere bewegwijzerde paden zoals de \u201cTransmolign\u00e9e\u201d, een verbinding tussen verschillende dorpen van 11,2 km (tussen de tuinen van Annevoie en de Benedictijnse abdij van Mardesous), of de wandeling genaamd \u201c40 mei\u201d met het vertrekpunt in Haut-le Wastia (waar ook het herdenkingsmuseum ligt). De weg naar Santiago de Compostela via Mosana of via Monastica loopt ook door het geheel.<\/p>\n\n\n\n<p>Annevoie-Rouillon (het jaagpad) is ideaal gelegen om een tussenstop te maken na Namen. Het ligt namelijk slechts op 18 kilometer van de hoofdstad van Walloni\u00eb en is hierdoor de ideale plaats om zo verder naar Frankrijk te gaan. (https:\/\/www.province.namur.be\/anhee).<\/p>\n\n\n\n<p>We verwelkomen u met heel veel plezier in onze gite \u201cLa Tilette\u201d en laten u kennismaken met onze favoriete plekjes in deze schitterende streek.<\/p>\n\n\n\n<p>Ideaal voor uw verblijf met uw familie of met vrienden in een groene en pittoreskeomgeving op het platteland om te ontspannen in een goede sfeer.<\/p>\n\n\n\n<p><\/p>\n","protected":false},"excerpt":{"rendered":"<p>Welkom op onze site G\u00eete la Tilette. Dit oude melkveebedrijf is omgebouwd tot huisje en ligt in Den\u00e9e, op 2 stappen van Maredsous. De renovatie gebeurt in overeenstemming met de bestaande materialen. De \u201cGite\u201d bevindt zich in de gemeente Anh\u00e9e, een streek met een buitengewoon toeristisch potentieel. Tijdens uw verblijf zult u genieten van de &hellip; <a href=\"https:\/\/www.gitelatilette.be\/index.php\/nl\/welkom\/\" class=\"more-link\">Continuer la lecture<span class=\"screen-reader-text\"> de &laquo;&nbsp;Welkom&nbsp;&raquo;<\/span><\/a><\/p>\n","protected":false},"author":1,"featured_media":73,"parent":0,"menu_order":0,"comment_status":"closed","ping_status":"closed","template":"","meta":{"_monsterinsights_skip_tracking":false,"_monsterinsights_sitenote_active":false,"_monsterinsights_sitenote_note":"","_monsterinsights_sitenote_category":0},"_links":{"self":[{"href":"https:\/\/www.gitelatilette.be\/index.php\/wp-json\/wp\/v2\/pages\/389"}],"collection":[{"href":"https:\/\/www.gitelatilette.be\/index.php\/wp-json\/wp\/v2\/pages"}],"about":[{"href":"https:\/\/www.gitelatilette.be\/index.php\/wp-json\/wp\/v2\/types\/page"}],"author":[{"embeddable":true,"href":"https:\/\/www.gitelatilette.be\/index.php\/wp-json\/wp\/v2\/users\/1"}],"replies":[{"embeddable":true,"href":"https:\/\/www.gitelatilette.be\/index.php\/wp-json\/wp\/v2\/comments?post=389"}],"version-history":[{"count":3,"href":"https:\/\/www.gitelatilette.be\/index.php\/wp-json\/wp\/v2\/pages\/389\/revisions"}],"predecessor-version":[{"id":615,"href":"https:\/\/www.gitelatilette.be\/index.php\/wp-json\/wp\/v2\/pages\/389\/revisions\/615"}],"wp:featuredmedia":[{"embeddable":true,"href":"https:\/\/www.gitelatilette.be\/index.php\/wp-json\/wp\/v2\/media\/73"}],"wp:attachment":[{"href":"https:\/\/www.gitelatilette.be\/index.php\/wp-json\/wp\/v2\/media?parent=389"}],"curies":[{"name":"wp","href":"https:\/\/api.w.org\/{rel}","templated":true}]}}