{"id":394,"date":"2020-05-12T15:45:01","date_gmt":"2020-05-12T13:45:01","guid":{"rendered":"http:\/\/www.gitelatilette.be\/?page_id=394"},"modified":"2020-06-09T00:56:44","modified_gmt":"2020-06-08T22:56:44","slug":"en-wat-te-doen-in-de-streek","status":"publish","type":"page","link":"https:\/\/www.gitelatilette.be\/index.php\/nl\/en-wat-te-doen-in-de-streek\/","title":{"rendered":"En wat te doen in de streek ?"},"content":{"rendered":"\n<div class=\"wp-block-media-text alignwide is-stacked-on-mobile\"><figure class=\"wp-block-media-text__media\"><img loading=\"lazy\" width=\"1024\" height=\"821\" src=\"http:\/\/www.gitelatilette.be\/wp-content\/uploads\/2020\/06\/kicker-2-1024x821.jpg\" alt=\"\" class=\"wp-image-554\" srcset=\"https:\/\/www.gitelatilette.be\/wp-content\/uploads\/2020\/06\/kicker-2-1024x821.jpg 1024w, https:\/\/www.gitelatilette.be\/wp-content\/uploads\/2020\/06\/kicker-2-300x240.jpg 300w, https:\/\/www.gitelatilette.be\/wp-content\/uploads\/2020\/06\/kicker-2-768x615.jpg 768w, https:\/\/www.gitelatilette.be\/wp-content\/uploads\/2020\/06\/kicker-2-1536x1231.jpg 1536w, https:\/\/www.gitelatilette.be\/wp-content\/uploads\/2020\/06\/kicker-2-1200x962.jpg 1200w, https:\/\/www.gitelatilette.be\/wp-content\/uploads\/2020\/06\/kicker-2.jpg 1872w\" sizes=\"(max-width: 709px) 85vw, (max-width: 909px) 67vw, (max-width: 1362px) 62vw, 840px\" \/><\/figure><div class=\"wp-block-media-text__content\">\n<p class=\"has-normal-font-size\">Den\u00e9e is een klein dorpje tussen Dinant, Florennes, Mettet en Namen en de G\u00eeteis ideaal gelegenom deze mooie landschappen, streken en toeristische plaatsen te ontdekken.<\/p>\n<\/div><\/div>\n\n\n\n<h2><u>Wat te bezoeken?<\/u><\/h2>\n\n\n\n<figure class=\"wp-block-gallery columns-2 is-cropped\"><ul class=\"blocks-gallery-grid\"><li class=\"blocks-gallery-item\"><figure><img loading=\"lazy\" width=\"1024\" height=\"576\" src=\"http:\/\/www.gitelatilette.be\/wp-content\/uploads\/2020\/06\/abbaye-de-maredret-5-1024x576.jpg\" alt=\"\" data-id=\"556\" data-full-url=\"http:\/\/www.gitelatilette.be\/wp-content\/uploads\/2020\/06\/abbaye-de-maredret-5.jpg\" data-link=\"http:\/\/www.gitelatilette.be\/index.php\/nl\/en-wat-te-doen-in-de-streek\/abbaye-de-maredret-5\/\" class=\"wp-image-556\" srcset=\"https:\/\/www.gitelatilette.be\/wp-content\/uploads\/2020\/06\/abbaye-de-maredret-5-1024x576.jpg 1024w, https:\/\/www.gitelatilette.be\/wp-content\/uploads\/2020\/06\/abbaye-de-maredret-5-300x169.jpg 300w, https:\/\/www.gitelatilette.be\/wp-content\/uploads\/2020\/06\/abbaye-de-maredret-5-768x432.jpg 768w, https:\/\/www.gitelatilette.be\/wp-content\/uploads\/2020\/06\/abbaye-de-maredret-5-1536x864.jpg 1536w, https:\/\/www.gitelatilette.be\/wp-content\/uploads\/2020\/06\/abbaye-de-maredret-5-2048x1152.jpg 2048w, https:\/\/www.gitelatilette.be\/wp-content\/uploads\/2020\/06\/abbaye-de-maredret-5-1200x675.jpg 1200w\" sizes=\"(max-width: 709px) 85vw, (max-width: 909px) 67vw, (max-width: 1362px) 62vw, 840px\" \/><figcaption class=\"blocks-gallery-item__caption\">De benedictijnerabdij van Maredret <a href=\"https:\/\/www.abbaye-maredret.be\/\">https:\/\/www.abbaye-maredret.be\/<\/a><\/figcaption><\/figure><\/li><li class=\"blocks-gallery-item\"><figure><img loading=\"lazy\" width=\"1024\" height=\"486\" src=\"http:\/\/www.gitelatilette.be\/wp-content\/uploads\/2020\/06\/Chateau-de-Bioul-vue-du-ciel-2-Copie-1-1024x486-5.jpg\" alt=\"\" data-id=\"557\" data-full-url=\"http:\/\/www.gitelatilette.be\/wp-content\/uploads\/2020\/06\/Chateau-de-Bioul-vue-du-ciel-2-Copie-1-1024x486-5.jpg\" data-link=\"http:\/\/www.gitelatilette.be\/index.php\/nl\/en-wat-te-doen-in-de-streek\/chateau-de-bioul-vue-du-ciel-2-copie-1-1024x486-5\/\" class=\"wp-image-557\" srcset=\"https:\/\/www.gitelatilette.be\/wp-content\/uploads\/2020\/06\/Chateau-de-Bioul-vue-du-ciel-2-Copie-1-1024x486-5.jpg 1024w, https:\/\/www.gitelatilette.be\/wp-content\/uploads\/2020\/06\/Chateau-de-Bioul-vue-du-ciel-2-Copie-1-1024x486-5-300x142.jpg 300w, https:\/\/www.gitelatilette.be\/wp-content\/uploads\/2020\/06\/Chateau-de-Bioul-vue-du-ciel-2-Copie-1-1024x486-5-768x365.jpg 768w\" sizes=\"(max-width: 709px) 85vw, (max-width: 909px) 67vw, (max-width: 1362px) 62vw, 840px\" \/><figcaption class=\"blocks-gallery-item__caption\">Het Kasteel van Bioul <a href=\"https:\/\/www.chateaudebioul.be\/\" target=\"_blank\" rel=\"noreferrer noopener\">https:\/\/www.chateaudebioul.be\/<\/a><\/figcaption><\/figure><\/li><li class=\"blocks-gallery-item\"><figure><img loading=\"lazy\" width=\"1024\" height=\"408\" src=\"http:\/\/www.gitelatilette.be\/wp-content\/uploads\/2020\/06\/draisines-5-1024x408.jpeg\" alt=\"\" data-id=\"558\" data-full-url=\"http:\/\/www.gitelatilette.be\/wp-content\/uploads\/2020\/06\/draisines-5.jpeg\" data-link=\"http:\/\/www.gitelatilette.be\/index.php\/nl\/en-wat-te-doen-in-de-streek\/draisines-5\/\" class=\"wp-image-558\" srcset=\"https:\/\/www.gitelatilette.be\/wp-content\/uploads\/2020\/06\/draisines-5-1024x408.jpeg 1024w, https:\/\/www.gitelatilette.be\/wp-content\/uploads\/2020\/06\/draisines-5-300x120.jpeg 300w, https:\/\/www.gitelatilette.be\/wp-content\/uploads\/2020\/06\/draisines-5-768x306.jpeg 768w, https:\/\/www.gitelatilette.be\/wp-content\/uploads\/2020\/06\/draisines-5-1200x478.jpeg 1200w, https:\/\/www.gitelatilette.be\/wp-content\/uploads\/2020\/06\/draisines-5.jpeg 1300w\" sizes=\"(max-width: 709px) 85vw, (max-width: 909px) 67vw, (max-width: 1362px) 62vw, 840px\" \/><figcaption class=\"blocks-gallery-item__caption\">De draisines van de Molign\u00e9e <a href=\"http:\/\/www.draisines.online\/\" target=\"_blank\" rel=\"noreferrer noopener\">http:\/\/www.draisines.online\/<\/a><\/figcaption><\/figure><\/li><li class=\"blocks-gallery-item\"><figure><img loading=\"lazy\" width=\"1024\" height=\"538\" src=\"http:\/\/www.gitelatilette.be\/wp-content\/uploads\/2020\/06\/ile-d-yvoir-4-1024x538.jpg\" alt=\"\" data-id=\"559\" data-full-url=\"http:\/\/www.gitelatilette.be\/wp-content\/uploads\/2020\/06\/ile-d-yvoir-4.jpg\" data-link=\"http:\/\/www.gitelatilette.be\/index.php\/nl\/en-wat-te-doen-in-de-streek\/ile-d-yvoir-4\/\" class=\"wp-image-559\" srcset=\"https:\/\/www.gitelatilette.be\/wp-content\/uploads\/2020\/06\/ile-d-yvoir-4-1024x538.jpg 1024w, https:\/\/www.gitelatilette.be\/wp-content\/uploads\/2020\/06\/ile-d-yvoir-4-300x158.jpg 300w, https:\/\/www.gitelatilette.be\/wp-content\/uploads\/2020\/06\/ile-d-yvoir-4-768x403.jpg 768w, https:\/\/www.gitelatilette.be\/wp-content\/uploads\/2020\/06\/ile-d-yvoir-4.jpg 1200w\" sizes=\"(max-width: 709px) 85vw, (max-width: 909px) 67vw, (max-width: 1362px) 62vw, 840px\" \/><figcaption class=\"blocks-gallery-item__caption\">Het eiland van Yvoir&nbsp;: recreatiecentrum <a href=\"https:\/\/www.iledyvoir.com\/\" target=\"_blank\" rel=\"noreferrer noopener\">https:\/\/www.iledyvoir.com\/<\/a><\/figcaption><\/figure><\/li><li class=\"blocks-gallery-item\"><figure><img loading=\"lazy\" width=\"840\" height=\"473\" src=\"http:\/\/www.gitelatilette.be\/wp-content\/uploads\/2020\/06\/jardins-5.jpg\" alt=\"\" data-id=\"560\" data-full-url=\"http:\/\/www.gitelatilette.be\/wp-content\/uploads\/2020\/06\/jardins-5.jpg\" data-link=\"http:\/\/www.gitelatilette.be\/index.php\/nl\/en-wat-te-doen-in-de-streek\/jardins-5\/\" class=\"wp-image-560\" srcset=\"https:\/\/www.gitelatilette.be\/wp-content\/uploads\/2020\/06\/jardins-5.jpg 840w, https:\/\/www.gitelatilette.be\/wp-content\/uploads\/2020\/06\/jardins-5-300x169.jpg 300w, https:\/\/www.gitelatilette.be\/wp-content\/uploads\/2020\/06\/jardins-5-768x432.jpg 768w\" sizes=\"(max-width: 709px) 85vw, (max-width: 909px) 67vw, (max-width: 1362px) 62vw, 840px\" \/><figcaption class=\"blocks-gallery-item__caption\">De tuinen van Annevoie <a href=\"http:\/\/www.annevoie.be\/fr\/\" target=\"_blank\" rel=\"noreferrer noopener\">http:\/\/www.annevoie.be\/fr\/<\/a><\/figcaption><\/figure><\/li><li class=\"blocks-gallery-item\"><figure><img loading=\"lazy\" width=\"768\" height=\"512\" src=\"http:\/\/www.gitelatilette.be\/wp-content\/uploads\/2020\/06\/Maredsous-1-6.jpg\" alt=\"\" data-id=\"563\" data-full-url=\"http:\/\/www.gitelatilette.be\/wp-content\/uploads\/2020\/06\/Maredsous-1-6.jpg\" data-link=\"http:\/\/www.gitelatilette.be\/index.php\/nl\/en-wat-te-doen-in-de-streek\/maredsous-1-6\/\" class=\"wp-image-563\" srcset=\"https:\/\/www.gitelatilette.be\/wp-content\/uploads\/2020\/06\/Maredsous-1-6.jpg 768w, https:\/\/www.gitelatilette.be\/wp-content\/uploads\/2020\/06\/Maredsous-1-6-300x200.jpg 300w\" sizes=\"(max-width: 768px) 85vw, 768px\" \/><figcaption class=\"blocks-gallery-item__caption\">De abdij van Maredsous&nbsp;: <a href=\"http:\/\/www.maredsous.be\/\" target=\"_blank\" rel=\"noreferrer noopener\">http:\/\/www.maredsous.be<\/a><\/figcaption><\/figure><\/li><li class=\"blocks-gallery-item\"><figure><img loading=\"lazy\" width=\"1024\" height=\"538\" src=\"http:\/\/www.gitelatilette.be\/wp-content\/uploads\/2020\/06\/medieval-mosan-4-1024x538.jpg\" alt=\"\" data-id=\"564\" data-full-url=\"http:\/\/www.gitelatilette.be\/wp-content\/uploads\/2020\/06\/medieval-mosan-4.jpg\" data-link=\"http:\/\/www.gitelatilette.be\/index.php\/nl\/en-wat-te-doen-in-de-streek\/medieval-mosan-4\/\" class=\"wp-image-564\" srcset=\"https:\/\/www.gitelatilette.be\/wp-content\/uploads\/2020\/06\/medieval-mosan-4-1024x538.jpg 1024w, https:\/\/www.gitelatilette.be\/wp-content\/uploads\/2020\/06\/medieval-mosan-4-300x158.jpg 300w, https:\/\/www.gitelatilette.be\/wp-content\/uploads\/2020\/06\/medieval-mosan-4-768x403.jpg 768w, https:\/\/www.gitelatilette.be\/wp-content\/uploads\/2020\/06\/medieval-mosan-4.jpg 1200w\" sizes=\"(max-width: 709px) 85vw, (max-width: 909px) 67vw, (max-width: 1362px) 62vw, 840px\" \/><figcaption class=\"blocks-gallery-item__caption\">La maison du patrimoinem\u00e9di\u00e9valmosan in Dinant <a href=\"https:\/\/www.mpmm.be\/\" target=\"_blank\" rel=\"noreferrer noopener\">https:\/\/www.mpmm.be\/<\/a><\/figcaption><\/figure><\/li><li class=\"blocks-gallery-item\"><figure><img loading=\"lazy\" width=\"753\" height=\"500\" src=\"http:\/\/www.gitelatilette.be\/wp-content\/uploads\/2020\/06\/ruine-poilvache-5.jpg\" alt=\"\" data-id=\"565\" data-full-url=\"http:\/\/www.gitelatilette.be\/wp-content\/uploads\/2020\/06\/ruine-poilvache-5.jpg\" data-link=\"http:\/\/www.gitelatilette.be\/index.php\/nl\/en-wat-te-doen-in-de-streek\/ruine-poilvache-5\/\" class=\"wp-image-565\" srcset=\"https:\/\/www.gitelatilette.be\/wp-content\/uploads\/2020\/06\/ruine-poilvache-5.jpg 753w, https:\/\/www.gitelatilette.be\/wp-content\/uploads\/2020\/06\/ruine-poilvache-5-300x199.jpg 300w\" sizes=\"(max-width: 753px) 85vw, 753px\" \/><figcaption class=\"blocks-gallery-item__caption\">HetPoilvache Kasteel in Yvoir (Middeleeuwse vervallen burcht) <a href=\"http:\/\/www.poilvache.be\/\" target=\"_blank\" rel=\"noreferrer noopener\">http:\/\/www.poilvache.be\/<\/a><\/figcaption><\/figure><\/li><li class=\"blocks-gallery-item\"><figure><img loading=\"lazy\" width=\"588\" height=\"311\" src=\"http:\/\/www.gitelatilette.be\/wp-content\/uploads\/2020\/06\/ruines-5.jpg\" alt=\"\" data-id=\"566\" data-full-url=\"http:\/\/www.gitelatilette.be\/wp-content\/uploads\/2020\/06\/ruines-5.jpg\" data-link=\"http:\/\/www.gitelatilette.be\/index.php\/nl\/en-wat-te-doen-in-de-streek\/ruines-5\/\" class=\"wp-image-566\" srcset=\"https:\/\/www.gitelatilette.be\/wp-content\/uploads\/2020\/06\/ruines-5.jpg 588w, https:\/\/www.gitelatilette.be\/wp-content\/uploads\/2020\/06\/ruines-5-300x159.jpg 300w\" sizes=\"(max-width: 588px) 85vw, 588px\" \/><figcaption class=\"blocks-gallery-item__caption\">De ru\u00efnes van de burcht van Montaiglen <a href=\"http:\/\/montaigle.be\/redirect\/accueil\/\" target=\"_blank\" rel=\"noreferrer noopener\">http:\/\/montaigle.be\/redirect\/accueil\/<\/a><\/figcaption><\/figure><\/li><li class=\"blocks-gallery-item\"><figure><img loading=\"lazy\" width=\"512\" height=\"340\" src=\"http:\/\/www.gitelatilette.be\/wp-content\/uploads\/2020\/06\/saint-gerard-4.jpg\" alt=\"\" data-id=\"567\" data-full-url=\"http:\/\/www.gitelatilette.be\/wp-content\/uploads\/2020\/06\/saint-gerard-4.jpg\" data-link=\"http:\/\/www.gitelatilette.be\/index.php\/nl\/en-wat-te-doen-in-de-streek\/saint-gerard-4\/\" class=\"wp-image-567\" srcset=\"https:\/\/www.gitelatilette.be\/wp-content\/uploads\/2020\/06\/saint-gerard-4.jpg 512w, https:\/\/www.gitelatilette.be\/wp-content\/uploads\/2020\/06\/saint-gerard-4-300x199.jpg 300w\" sizes=\"(max-width: 512px) 85vw, 512px\" \/><figcaption class=\"blocks-gallery-item__caption\">Saint G\u00e9rard de Brogne Abdij en zijn microbrouwerij (Mettet \u2013 Saint G\u00e9rard) <a href=\"http:\/\/www.brogne.be\/\" target=\"_blank\" rel=\"noreferrer noopener\">http:\/\/www.brogne.be\/<\/a><\/figcaption><\/figure><\/li><li class=\"blocks-gallery-item\"><figure><img loading=\"lazy\" width=\"512\" height=\"410\" src=\"http:\/\/www.gitelatilette.be\/wp-content\/uploads\/2020\/06\/sosoye-5.jpg\" alt=\"\" data-id=\"568\" data-full-url=\"http:\/\/www.gitelatilette.be\/wp-content\/uploads\/2020\/06\/sosoye-5.jpg\" data-link=\"http:\/\/www.gitelatilette.be\/index.php\/nl\/en-wat-te-doen-in-de-streek\/sosoye-5\/\" class=\"wp-image-568\" srcset=\"https:\/\/www.gitelatilette.be\/wp-content\/uploads\/2020\/06\/sosoye-5.jpg 512w, https:\/\/www.gitelatilette.be\/wp-content\/uploads\/2020\/06\/sosoye-5-300x240.jpg 300w\" sizes=\"(max-width: 512px) 85vw, 512px\" \/><figcaption class=\"blocks-gallery-item__caption\">Sosoye&nbsp;: \u00e9\u00e9n van de mooiste dorpjes in Walloni\u00eb. <a href=\"http:\/\/www.beauxvillages.be\/les-villages\/sosoye.htm?lng=fr\" target=\"_blank\" rel=\"noreferrer noopener\">http:\/\/www.beauxvillages.be\/les-villages\/sosoye.htm?lng=fr<\/a><\/figcaption><\/figure><\/li><li class=\"blocks-gallery-item\"><figure><img loading=\"lazy\" width=\"1024\" height=\"527\" src=\"http:\/\/www.gitelatilette.be\/wp-content\/uploads\/2020\/06\/thozee-4-1024x527.jpg\" alt=\"\" data-id=\"569\" data-full-url=\"http:\/\/www.gitelatilette.be\/wp-content\/uploads\/2020\/06\/thozee-4.jpg\" data-link=\"http:\/\/www.gitelatilette.be\/index.php\/nl\/en-wat-te-doen-in-de-streek\/thozee-4\/\" class=\"wp-image-569\" srcset=\"https:\/\/www.gitelatilette.be\/wp-content\/uploads\/2020\/06\/thozee-4-1024x527.jpg 1024w, https:\/\/www.gitelatilette.be\/wp-content\/uploads\/2020\/06\/thozee-4-300x155.jpg 300w, https:\/\/www.gitelatilette.be\/wp-content\/uploads\/2020\/06\/thozee-4-768x396.jpg 768w, https:\/\/www.gitelatilette.be\/wp-content\/uploads\/2020\/06\/thozee-4.jpg 1200w\" sizes=\"(max-width: 709px) 85vw, (max-width: 909px) 67vw, (max-width: 1362px) 62vw, 840px\" \/><figcaption class=\"blocks-gallery-item__caption\">Het kasteel van Thozee (Mettet Pontaury) <a href=\"http:\/\/www.fondsrops.org\/\" target=\"_blank\" rel=\"noreferrer noopener\">http:\/\/www.fondsrops.org\/<\/a><\/figcaption><\/figure><\/li><\/ul><\/figure>\n\n\n\n<h2>Wekelijkse marken dichtbij :<\/h2>\n\n\n\n<figure class=\"wp-block-image size-large\"><img loading=\"lazy\" width=\"378\" height=\"254\" src=\"http:\/\/www.gitelatilette.be\/wp-content\/uploads\/2020\/06\/marche-6.jpg\" alt=\"\" class=\"wp-image-570\" srcset=\"https:\/\/www.gitelatilette.be\/wp-content\/uploads\/2020\/06\/marche-6.jpg 378w, https:\/\/www.gitelatilette.be\/wp-content\/uploads\/2020\/06\/marche-6-300x202.jpg 300w\" sizes=\"(max-width: 378px) 85vw, 378px\" \/><\/figure>\n\n\n\n<ul><li>Anh\u00e9e&nbsp; op dinsdag van 8 tot 13 u<\/li><li>Yvoir op zaterdag van 8u tot 13u<\/li><li>Mettet op dinsdag van 8u tot 13u<\/li><li>Onhaye op zondag van 8u tot 13u<\/li><li>Florennes op donderdag van 8u tot 13u<\/li><li>Hasti\u00e8re op zaterdag van 14u30 tot 18u<\/li><li>Dinant op vrijdag van 7u tot 13u<\/li><\/ul>\n\n\n\n<p>Volg onsop onze facebook Le G\u00eete la Tilette om de activiteiten van de streek te kennen.<\/p>\n","protected":false},"excerpt":{"rendered":"<p>Den\u00e9e is een klein dorpje tussen Dinant, Florennes, Mettet en Namen en de G\u00eeteis ideaal gelegenom deze mooie landschappen, streken en toeristische plaatsen te ontdekken. Wat te bezoeken? Wekelijkse marken dichtbij : Anh\u00e9e&nbsp; op dinsdag van 8 tot 13 u Yvoir op zaterdag van 8u tot 13u Mettet op dinsdag van 8u tot 13u Onhaye &hellip; <a href=\"https:\/\/www.gitelatilette.be\/index.php\/nl\/en-wat-te-doen-in-de-streek\/\" class=\"more-link\">Continuer la lecture<span class=\"screen-reader-text\"> de &laquo;&nbsp;En wat te doen in de streek ?&nbsp;&raquo;<\/span><\/a><\/p>\n","protected":false},"author":1,"featured_media":0,"parent":0,"menu_order":0,"comment_status":"closed","ping_status":"open","template":"","meta":{"_monsterinsights_skip_tracking":false,"_monsterinsights_sitenote_active":false,"_monsterinsights_sitenote_note":"","_monsterinsights_sitenote_category":0},"_links":{"self":[{"href":"https:\/\/www.gitelatilette.be\/index.php\/wp-json\/wp\/v2\/pages\/394"}],"collection":[{"href":"https:\/\/www.gitelatilette.be\/index.php\/wp-json\/wp\/v2\/pages"}],"about":[{"href":"https:\/\/www.gitelatilette.be\/index.php\/wp-json\/wp\/v2\/types\/page"}],"author":[{"embeddable":true,"href":"https:\/\/www.gitelatilette.be\/index.php\/wp-json\/wp\/v2\/users\/1"}],"replies":[{"embeddable":true,"href":"https:\/\/www.gitelatilette.be\/index.php\/wp-json\/wp\/v2\/comments?post=394"}],"version-history":[{"count":4,"href":"https:\/\/www.gitelatilette.be\/index.php\/wp-json\/wp\/v2\/pages\/394\/revisions"}],"predecessor-version":[{"id":575,"href":"https:\/\/www.gitelatilette.be\/index.php\/wp-json\/wp\/v2\/pages\/394\/revisions\/575"}],"wp:attachment":[{"href":"https:\/\/www.gitelatilette.be\/index.php\/wp-json\/wp\/v2\/media?parent=394"}],"curies":[{"name":"wp","href":"https:\/\/api.w.org\/{rel}","templated":true}]}}