{"id":48,"date":"2020-04-07T14:47:22","date_gmt":"2020-04-07T12:47:22","guid":{"rendered":"http:\/\/www.gitelatilette.be\/?page_id=48"},"modified":"2026-03-04T08:15:50","modified_gmt":"2026-03-04T07:15:50","slug":"tarifs-et-disponibilites","status":"publish","type":"page","link":"https:\/\/www.gitelatilette.be\/index.php\/tarifs-et-disponibilites\/","title":{"rendered":"Tarifs et disponibilit\u00e9s"},"content":{"rendered":"\n<div class=\"wp-block-booking-booking\"> <div id=\"form_id1133718190880\" class=\"wpdevelop\"><form  id=\"booking_form1\"   class=\"booking_form vertical\" method=\"post\" action=\"\"><div id=\"ajax_respond_insert1\" class=\"ajax_respond_insert\" style=\"display:none;\"><\/div><a name=\"bklnk1\" id=\"bklnk1\"><\/a><div id=\"booking_form_div1\" class=\"booking_form_div\"><div class=\"wpbc_booking_form_structure wpbc_vertical\">\n  <div class=\"wpbc_structure_calendar\">\n    <div class=\"bk_calendar_frame months_num_in_row_ cal_month_num_3\" style=\"width:852px;\"><div id=\"calendar_booking1\">Chargement du calendrier...<\/div><\/div><div style=\"font-size:9px;text-align:left;margin-top:3px;\">Powered by <a style=\"font-size:9px;\" href=\"https:\/\/wpbookingcalendar.com\" target=\"_blank\" title=\"Booking Calendar plugin for WordPress\">Booking Calendar<\/a><\/div><textarea id=\"date_booking1\" name=\"date_booking1\" autocomplete=\"off\" style=\"display:none;\"><\/textarea><div class=\"block_hints datepick\"><div class=\"wpdev_hint_with_text\"><div class=\"block_free datepick-days-cell\"><a>23<\/a><\/div><div class=\"block_text\">- Disponible<\/div><\/div><div class=\"wpdev_hint_with_text\"><div class=\"block_booked date_approved\">23<\/div><div class=\"block_text\">- R\u00e9serv\u00e9<\/div><\/div><div class=\"wpdev_hint_with_text\"><div class=\"block_pending date2approve\">23<\/div><div class=\"block_text\">- En attente<\/div><\/div><\/div><div class=\"wpdev_clear_hint\"><\/div>\n  <\/div>\n  <div class=\"wpbc_structure_form\">\n  <div class=\"form-group\">  <label for=\"name1\" class=\"control-label\">Nom*:<\/label>   <div class=\"controls\">   <input type=\"text\" name=\"name1\" id=\"name1\" class=\"input-xlarge wpdev-validates-as-required\" \/><\/div><\/div>  <div class=\"form-group\">  <label for=\"secondname1\" class=\"control-label\">Pr\u00e9nom*:<\/label>   <div class=\"controls\">   <input type=\"text\" name=\"secondname1\" id=\"secondname1\" class=\"input-xlarge wpdev-validates-as-required\" \/><\/div><\/div>  <div class=\"form-group\">  <label for=\"email1\" class=\"control-label\">Email*:<\/label>   <div class=\"controls\">   <input type=\"text\" name=\"email1\" id=\"email1\" class=\"input-xlarge wpdev-validates-as-email wpdev-validates-as-required wpdev-validates-as-required\" \/><\/div><\/div>  <div class=\"form-group\">  <label for=\"visitors1\" class=\"control-label\">Nombre de visiteurs*:<\/label>   <div class=\"controls\">   <select name=\"visitors1\" id=\"visitors1\" class=\"input-xlarge wpdev-validates-as-required\" >  <option value=\"1\">1<\/option>  <option value=\"2\">2<\/option>  <option value=\"3\">3<\/option>  <option value=\"4\">4<\/option>  <option value=\"5\">5<\/option>  <option value=\"6\">6<\/option>  <option value=\"7\">7<\/option>  <option value=\"8\">8<\/option>  <option value=\"9\">9<\/option>  <option value=\"10\">10<\/option>  <option value=\"11\">11<\/option>  <option value=\"12\">12<\/option>  <option value=\"13\">13<\/option>  <option value=\"14\">14<\/option>  <option value=\"15\">15<\/option>     <\/select><\/div><\/div>  <div class=\"form-group\">  <label for=\"phone1\" class=\"control-label\">T\u00e9l\u00e9phone:<\/label>   <div class=\"controls\">   <input type=\"text\" name=\"phone1\" id=\"phone1\" class=\"input-xlarge\" \/><\/div><\/div>  <div class=\"form-group\">  <label for=\"details1\" class=\"control-label\">Message*:<\/label>   <div class=\"controls\">   <textarea  rows=\"3\" name=\"details1\" id=\"details1\" class=\"input-xlarge wpdev-validates-as-required\" ><\/textarea><\/div><\/div><div class=\"form-group\"><input  autocomplete=\"off\" type=\"hidden\" name=\"wpdev_captcha_challenge_1\"  id=\"wpdev_captcha_challenge_1\" value=\"1337758415\" \/><input  autocomplete=\"off\" type=\"text\" class=\"captachinput\" value=\"\" name=\"captcha_input1\" id=\"captcha_input1\" \/><img class=\"captcha_img\"  id=\"captcha_img1\" alt=\"captcha\" src=\"https:\/\/www.gitelatilette.be\/wp-content\/plugins\/booking\/js\/captcha\/tmp\/1337758415.png\" \/><span id=\"captcha_msg1\" class=\"wpdev-help-message\" ><\/span><\/div>\n<div class=\"form-group\"><button class=\"btn btn-default\" type=\"button\" onclick=\"mybooking_submit(this.form,1,'fr_FR');\" >Envoyer<\/button><\/div>\n  <\/div>\n<\/div>\n<div class=\"wpbc_booking_form_footer\"><\/div><input id=\"bk_type1\" name=\"bk_type1\" class=\"\" type=\"hidden\" value=\"1\" \/><\/div><div id=\"submiting1\"><\/div><div class=\"form_bk_messages\" id=\"form_bk_messages1\" ><\/div><input type=\"hidden\" id=\"wpbc_nonce1\" name=\"wpbc_nonce1\" value=\"3397f586b2\" \/><input type=\"hidden\" name=\"_wp_http_referer\" value=\"\/index.php\/wp-json\/wp\/v2\/pages\/48\" \/><input type=\"hidden\" id=\"wpbc_nonceCALCULATE_THE_COST1\" name=\"wpbc_nonceCALCULATE_THE_COST1\" value=\"8796a21dd2\" \/><input type=\"hidden\" name=\"_wp_http_referer\" value=\"\/index.php\/wp-json\/wp\/v2\/pages\/48\" \/><\/form><\/div><div id=\"booking_form_garbage1\" class=\"booking_form_garbage\"><\/div><script type=\"text\/javascript\">\n                                jQuery(document).ready( function(){\n                                    jQuery(\".widget_wpdev_booking .booking_form.form-horizontal\").removeClass(\"form-horizontal\");\n                                    var visible_booking_id_on_page_num = visible_booking_id_on_page.length;\n                                    if (visible_booking_id_on_page_num !== null ) {\n                                        for (var i=0;i< visible_booking_id_on_page_num ;i++){\n                                          if ( visible_booking_id_on_page[i]==\"booking_form_div1\" ) {\n                                              document.getElementById(\"form_id1133718190880\").innerHTML = \"<span style='color:#A00;font-size:10px;'>Attention! Le calendrier des r\u00e9servations pour cette ressource est d\u00e9j\u00e0 sur la page, veuillez vous renseigner sur ce probl\u00e8me \u00e0 la cette page: https:\/\/wpbookingcalendar.com\/faq\/why-the-booking-calendar-widget-not-show-on-page\/<\/span>\";                                                                                                  \n                                              jQuery(\"#form_id1133718190880\").animate( {opacity: 1}, 10000 ).fadeOut(5000);\n                                              return;\n                                          }\n                                        }\n                                        visible_booking_id_on_page[ visible_booking_id_on_page_num ]=\"booking_form_div1\";\n                                    }\n                                });\n                            <\/script> <script type='text\/javascript'>  jQuery(document).ready( function(){  date_admin_blank[1] = [];  date2approve[1] = [];  var date_approved_par = []; if (typeof( date_approved_par[ '4-24-2026' ] ) == 'undefined'){  date_approved_par[ '4-24-2026' ] = [];}  date_approved_par[ '4-24-2026' ][  date_approved_par['4-24-2026'].length  ] = [4,24,2026, 0, 0, 0]; if (typeof( date_approved_par[ '4-25-2026' ] ) == 'undefined'){  date_approved_par[ '4-25-2026' ] = [];}  date_approved_par[ '4-25-2026' ][  date_approved_par['4-25-2026'].length  ] = [4,25,2026, 0, 0, 0]; if (typeof( date_approved_par[ '4-26-2026' ] ) == 'undefined'){  date_approved_par[ '4-26-2026' ] = [];}  date_approved_par[ '4-26-2026' ][  date_approved_par['4-26-2026'].length  ] = [4,26,2026, 0, 0, 0]; if (typeof( date_approved_par[ '5-1-2026' ] ) == 'undefined'){  date_approved_par[ '5-1-2026' ] = [];}  date_approved_par[ '5-1-2026' ][  date_approved_par['5-1-2026'].length  ] = [5,1,2026, 0, 0, 0]; if (typeof( date_approved_par[ '5-2-2026' ] ) == 'undefined'){  date_approved_par[ '5-2-2026' ] = [];}  date_approved_par[ '5-2-2026' ][  date_approved_par['5-2-2026'].length  ] = [5,2,2026, 0, 0, 0]; if (typeof( date_approved_par[ '5-3-2026' ] ) == 'undefined'){  date_approved_par[ '5-3-2026' ] = [];}  date_approved_par[ '5-3-2026' ][  date_approved_par['5-3-2026'].length  ] = [5,3,2026, 0, 0, 0]; if (typeof( date_approved_par[ '5-8-2026' ] ) == 'undefined'){  date_approved_par[ '5-8-2026' ] = [];}  date_approved_par[ '5-8-2026' ][  date_approved_par['5-8-2026'].length  ] = [5,8,2026, 0, 0, 0]; if (typeof( date_approved_par[ '5-9-2026' ] ) == 'undefined'){  date_approved_par[ '5-9-2026' ] = [];}  date_approved_par[ '5-9-2026' ][  date_approved_par['5-9-2026'].length  ] = [5,9,2026, 0, 0, 0]; if (typeof( date_approved_par[ '5-10-2026' ] ) == 'undefined'){  date_approved_par[ '5-10-2026' ] = [];}  date_approved_par[ '5-10-2026' ][  date_approved_par['5-10-2026'].length  ] = [5,10,2026, 0, 0, 0]; if (typeof( date_approved_par[ '5-11-2026' ] ) == 'undefined'){  date_approved_par[ '5-11-2026' ] = [];}  date_approved_par[ '5-11-2026' ][  date_approved_par['5-11-2026'].length  ] = [5,11,2026, 0, 0, 0]; if (typeof( date_approved_par[ '5-13-2026' ] ) == 'undefined'){  date_approved_par[ '5-13-2026' ] = [];}  date_approved_par[ '5-13-2026' ][  date_approved_par['5-13-2026'].length  ] = [5,13,2026, 0, 0, 0]; if (typeof( date_approved_par[ '5-14-2026' ] ) == 'undefined'){  date_approved_par[ '5-14-2026' ] = [];}  date_approved_par[ '5-14-2026' ][  date_approved_par['5-14-2026'].length  ] = [5,14,2026, 0, 0, 0]; if (typeof( date_approved_par[ '5-15-2026' ] ) == 'undefined'){  date_approved_par[ '5-15-2026' ] = [];}  date_approved_par[ '5-15-2026' ][  date_approved_par['5-15-2026'].length  ] = [5,15,2026, 0, 0, 0]; if (typeof( date_approved_par[ '5-16-2026' ] ) == 'undefined'){  date_approved_par[ '5-16-2026' ] = [];}  date_approved_par[ '5-16-2026' ][  date_approved_par['5-16-2026'].length  ] = [5,16,2026, 0, 0, 0]; if (typeof( date_approved_par[ '5-17-2026' ] ) == 'undefined'){  date_approved_par[ '5-17-2026' ] = [];}  date_approved_par[ '5-17-2026' ][  date_approved_par['5-17-2026'].length  ] = [5,17,2026, 0, 0, 0]; if (typeof( date_approved_par[ '5-22-2026' ] ) == 'undefined'){  date_approved_par[ '5-22-2026' ] = [];}  date_approved_par[ '5-22-2026' ][  date_approved_par['5-22-2026'].length  ] = [5,22,2026, 0, 0, 0]; if (typeof( date_approved_par[ '5-23-2026' ] ) == 'undefined'){  date_approved_par[ '5-23-2026' ] = [];}  date_approved_par[ '5-23-2026' ][  date_approved_par['5-23-2026'].length  ] = [5,23,2026, 0, 0, 0]; if (typeof( date_approved_par[ '5-24-2026' ] ) == 'undefined'){  date_approved_par[ '5-24-2026' ] = [];}  date_approved_par[ '5-24-2026' ][  date_approved_par['5-24-2026'].length  ] = [5,24,2026, 0, 0, 0]; if (typeof( date_approved_par[ '5-25-2026' ] ) == 'undefined'){  date_approved_par[ '5-25-2026' ] = [];}  date_approved_par[ '5-25-2026' ][  date_approved_par['5-25-2026'].length  ] = [5,25,2026, 0, 0, 0]; if (typeof( date_approved_par[ '5-29-2026' ] ) == 'undefined'){  date_approved_par[ '5-29-2026' ] = [];}  date_approved_par[ '5-29-2026' ][  date_approved_par['5-29-2026'].length  ] = [5,29,2026, 0, 0, 0]; if (typeof( date_approved_par[ '5-30-2026' ] ) == 'undefined'){  date_approved_par[ '5-30-2026' ] = [];}  date_approved_par[ '5-30-2026' ][  date_approved_par['5-30-2026'].length  ] = [5,30,2026, 0, 0, 0]; if (typeof( date_approved_par[ '5-31-2026' ] ) == 'undefined'){  date_approved_par[ '5-31-2026' ] = [];}  date_approved_par[ '5-31-2026' ][  date_approved_par['5-31-2026'].length  ] = [5,31,2026, 0, 0, 0]; if (typeof( date_approved_par[ '6-3-2026' ] ) == 'undefined'){  date_approved_par[ '6-3-2026' ] = [];}  date_approved_par[ '6-3-2026' ][  date_approved_par['6-3-2026'].length  ] = [6,3,2026, 0, 0, 0]; if (typeof( date_approved_par[ '6-4-2026' ] ) == 'undefined'){  date_approved_par[ '6-4-2026' ] = [];}  date_approved_par[ '6-4-2026' ][  date_approved_par['6-4-2026'].length  ] = [6,4,2026, 0, 0, 0]; if (typeof( date_approved_par[ '6-5-2026' ] ) == 'undefined'){  date_approved_par[ '6-5-2026' ] = [];}  date_approved_par[ '6-5-2026' ][  date_approved_par['6-5-2026'].length  ] = [6,5,2026, 0, 0, 0]; if (typeof( date_approved_par[ '6-6-2026' ] ) == 'undefined'){  date_approved_par[ '6-6-2026' ] = [];}  date_approved_par[ '6-6-2026' ][  date_approved_par['6-6-2026'].length  ] = [6,6,2026, 0, 0, 0]; if (typeof( date_approved_par[ '6-7-2026' ] ) == 'undefined'){  date_approved_par[ '6-7-2026' ] = [];}  date_approved_par[ '6-7-2026' ][  date_approved_par['6-7-2026'].length  ] = [6,7,2026, 0, 0, 0]; if (typeof( date_approved_par[ '6-12-2026' ] ) == 'undefined'){  date_approved_par[ '6-12-2026' ] = [];}  date_approved_par[ '6-12-2026' ][  date_approved_par['6-12-2026'].length  ] = [6,12,2026, 0, 0, 0]; if (typeof( date_approved_par[ '6-13-2026' ] ) == 'undefined'){  date_approved_par[ '6-13-2026' ] = [];}  date_approved_par[ '6-13-2026' ][  date_approved_par['6-13-2026'].length  ] = [6,13,2026, 0, 0, 0]; if (typeof( date_approved_par[ '6-14-2026' ] ) == 'undefined'){  date_approved_par[ '6-14-2026' ] = [];}  date_approved_par[ '6-14-2026' ][  date_approved_par['6-14-2026'].length  ] = [6,14,2026, 0, 0, 0]; if (typeof( date_approved_par[ '6-19-2026' ] ) == 'undefined'){  date_approved_par[ '6-19-2026' ] = [];}  date_approved_par[ '6-19-2026' ][  date_approved_par['6-19-2026'].length  ] = [6,19,2026, 0, 0, 0]; if (typeof( date_approved_par[ '6-20-2026' ] ) == 'undefined'){  date_approved_par[ '6-20-2026' ] = [];}  date_approved_par[ '6-20-2026' ][  date_approved_par['6-20-2026'].length  ] = [6,20,2026, 0, 0, 0]; if (typeof( date_approved_par[ '6-21-2026' ] ) == 'undefined'){  date_approved_par[ '6-21-2026' ] = [];}  date_approved_par[ '6-21-2026' ][  date_approved_par['6-21-2026'].length  ] = [6,21,2026, 0, 0, 0]; if (typeof( date_approved_par[ '6-26-2026' ] ) == 'undefined'){  date_approved_par[ '6-26-2026' ] = [];}  date_approved_par[ '6-26-2026' ][  date_approved_par['6-26-2026'].length  ] = [6,26,2026, 0, 0, 0]; if (typeof( date_approved_par[ '6-27-2026' ] ) == 'undefined'){  date_approved_par[ '6-27-2026' ] = [];}  date_approved_par[ '6-27-2026' ][  date_approved_par['6-27-2026'].length  ] = [6,27,2026, 0, 0, 0]; if (typeof( date_approved_par[ '6-28-2026' ] ) == 'undefined'){  date_approved_par[ '6-28-2026' ] = [];}  date_approved_par[ '6-28-2026' ][  date_approved_par['6-28-2026'].length  ] = [6,28,2026, 0, 0, 0]; if (typeof( date_approved_par[ '7-3-2026' ] ) == 'undefined'){  date_approved_par[ '7-3-2026' ] = [];}  date_approved_par[ '7-3-2026' ][  date_approved_par['7-3-2026'].length  ] = [7,3,2026, 0, 0, 0]; if (typeof( date_approved_par[ '7-4-2026' ] ) == 'undefined'){  date_approved_par[ '7-4-2026' ] = [];}  date_approved_par[ '7-4-2026' ][  date_approved_par['7-4-2026'].length  ] = [7,4,2026, 0, 0, 0]; if (typeof( date_approved_par[ '7-5-2026' ] ) == 'undefined'){  date_approved_par[ '7-5-2026' ] = [];}  date_approved_par[ '7-5-2026' ][  date_approved_par['7-5-2026'].length  ] = [7,5,2026, 0, 0, 0]; if (typeof( date_approved_par[ '7-10-2026' ] ) == 'undefined'){  date_approved_par[ '7-10-2026' ] = [];}  date_approved_par[ '7-10-2026' ][  date_approved_par['7-10-2026'].length  ] = [7,10,2026, 0, 0, 0]; if (typeof( date_approved_par[ '7-11-2026' ] ) == 'undefined'){  date_approved_par[ '7-11-2026' ] = [];}  date_approved_par[ '7-11-2026' ][  date_approved_par['7-11-2026'].length  ] = [7,11,2026, 0, 0, 0]; if (typeof( date_approved_par[ '7-12-2026' ] ) == 'undefined'){  date_approved_par[ '7-12-2026' ] = [];}  date_approved_par[ '7-12-2026' ][  date_approved_par['7-12-2026'].length  ] = [7,12,2026, 0, 0, 0]; if (typeof( date_approved_par[ '7-31-2026' ] ) == 'undefined'){  date_approved_par[ '7-31-2026' ] = [];}  date_approved_par[ '7-31-2026' ][  date_approved_par['7-31-2026'].length  ] = [7,31,2026, 0, 0, 0]; if (typeof( date_approved_par[ '8-1-2026' ] ) == 'undefined'){  date_approved_par[ '8-1-2026' ] = [];}  date_approved_par[ '8-1-2026' ][  date_approved_par['8-1-2026'].length  ] = [8,1,2026, 0, 0, 0]; if (typeof( date_approved_par[ '8-2-2026' ] ) == 'undefined'){  date_approved_par[ '8-2-2026' ] = [];}  date_approved_par[ '8-2-2026' ][  date_approved_par['8-2-2026'].length  ] = [8,2,2026, 0, 0, 0]; if (typeof( date_approved_par[ '8-7-2026' ] ) == 'undefined'){  date_approved_par[ '8-7-2026' ] = [];}  date_approved_par[ '8-7-2026' ][  date_approved_par['8-7-2026'].length  ] = [8,7,2026, 0, 0, 0]; if (typeof( date_approved_par[ '8-8-2026' ] ) == 'undefined'){  date_approved_par[ '8-8-2026' ] = [];}  date_approved_par[ '8-8-2026' ][  date_approved_par['8-8-2026'].length  ] = [8,8,2026, 0, 0, 0]; if (typeof( date_approved_par[ '8-9-2026' ] ) == 'undefined'){  date_approved_par[ '8-9-2026' ] = [];}  date_approved_par[ '8-9-2026' ][  date_approved_par['8-9-2026'].length  ] = [8,9,2026, 0, 0, 0]; if (typeof( date_approved_par[ '8-21-2026' ] ) == 'undefined'){  date_approved_par[ '8-21-2026' ] = [];}  date_approved_par[ '8-21-2026' ][  date_approved_par['8-21-2026'].length  ] = [8,21,2026, 0, 0, 0]; if (typeof( date_approved_par[ '8-22-2026' ] ) == 'undefined'){  date_approved_par[ '8-22-2026' ] = [];}  date_approved_par[ '8-22-2026' ][  date_approved_par['8-22-2026'].length  ] = [8,22,2026, 0, 0, 0]; if (typeof( date_approved_par[ '8-23-2026' ] ) == 'undefined'){  date_approved_par[ '8-23-2026' ] = [];}  date_approved_par[ '8-23-2026' ][  date_approved_par['8-23-2026'].length  ] = [8,23,2026, 0, 0, 0]; if (typeof( date_approved_par[ '8-24-2026' ] ) == 'undefined'){  date_approved_par[ '8-24-2026' ] = [];}  date_approved_par[ '8-24-2026' ][  date_approved_par['8-24-2026'].length  ] = [8,24,2026, 0, 0, 0]; if (typeof( date_approved_par[ '9-11-2026' ] ) == 'undefined'){  date_approved_par[ '9-11-2026' ] = [];}  date_approved_par[ '9-11-2026' ][  date_approved_par['9-11-2026'].length  ] = [9,11,2026, 0, 0, 0]; if (typeof( date_approved_par[ '9-12-2026' ] ) == 'undefined'){  date_approved_par[ '9-12-2026' ] = [];}  date_approved_par[ '9-12-2026' ][  date_approved_par['9-12-2026'].length  ] = [9,12,2026, 0, 0, 0]; if (typeof( date_approved_par[ '9-13-2026' ] ) == 'undefined'){  date_approved_par[ '9-13-2026' ] = [];}  date_approved_par[ '9-13-2026' ][  date_approved_par['9-13-2026'].length  ] = [9,13,2026, 0, 0, 0]; if (typeof( date_approved_par[ '9-18-2026' ] ) == 'undefined'){  date_approved_par[ '9-18-2026' ] = [];}  date_approved_par[ '9-18-2026' ][  date_approved_par['9-18-2026'].length  ] = [9,18,2026, 0, 0, 0]; if (typeof( date_approved_par[ '9-19-2026' ] ) == 'undefined'){  date_approved_par[ '9-19-2026' ] = [];}  date_approved_par[ '9-19-2026' ][  date_approved_par['9-19-2026'].length  ] = [9,19,2026, 0, 0, 0]; if (typeof( date_approved_par[ '9-20-2026' ] ) == 'undefined'){  date_approved_par[ '9-20-2026' ] = [];}  date_approved_par[ '9-20-2026' ][  date_approved_par['9-20-2026'].length  ] = [9,20,2026, 0, 0, 0]; if (typeof( date_approved_par[ '9-25-2026' ] ) == 'undefined'){  date_approved_par[ '9-25-2026' ] = [];}  date_approved_par[ '9-25-2026' ][  date_approved_par['9-25-2026'].length  ] = [9,25,2026, 0, 0, 0]; if (typeof( date_approved_par[ '9-26-2026' ] ) == 'undefined'){  date_approved_par[ '9-26-2026' ] = [];}  date_approved_par[ '9-26-2026' ][  date_approved_par['9-26-2026'].length  ] = [9,26,2026, 0, 0, 0]; if (typeof( date_approved_par[ '9-27-2026' ] ) == 'undefined'){  date_approved_par[ '9-27-2026' ] = [];}  date_approved_par[ '9-27-2026' ][  date_approved_par['9-27-2026'].length  ] = [9,27,2026, 0, 0, 0];  init_datepick_cal('1', date_approved_par, 3 , 1, false   );  }); <\/script><\/div>\n\n\n\n<h1>Tarifs : <\/h1>\n\n\n\n<h2><strong>BASSE SAISON<\/strong> (octobre \u00e0 mars) <\/h2>\n\n\n\n<p>&#8211;<strong> Week-end<\/strong> (du vendredi arriv\u00e9e 16h &#8211; 18h au dimanche d\u00e9part avant 20h) : <strong>1300 \u20ac  *    <\/strong><\/p>\n\n\n\n<p>&#8211; <strong>Semaine<\/strong> (du vendredi arriv\u00e9e 16h &#8211; 18h au vendredi d\u00e9part avant 11h) :<strong> 1700 \u20ac<\/strong>**<\/p>\n\n\n\n<h2><strong>HAUTE SAISON<\/strong> (avril \u00e0 septembre) <\/h2>\n\n\n\n<p>&#8211; <strong>Week-end <\/strong>(du vendredi arriv\u00e9e 16h &#8211; 18h au dimanche d\u00e9part avant 20h) : <strong>1500 \u20ac<\/strong>*<\/p>\n\n\n\n<p>&#8211; <strong>Semaine <\/strong>(du vendredi arriv\u00e9e 16h &#8211; 18h au vendredi d\u00e9part avant 11h) :   <strong>1900 \u20ac<\/strong> **<\/p>\n\n\n\n<p>* week-end f\u00e9ri\u00e9 : 1650\u20ac (tout compris)<\/p>\n\n\n\n<p><strong>*<\/strong>*<strong> semaine incluant jours f\u00e9ri\u00e9s : 2200 \u20ac \/ semaine<\/strong> (hors Nouvel an)<\/p>\n\n\n\n<h2><strong>No\u00ebl et Nouvel an <\/strong>:<\/h2>\n\n\n\n<p><strong>&#8211; <strong>Week-end<\/strong><\/strong> (du vendredi arriv\u00e9e 16h-18h au dimanche d\u00e9part avant 20h)<strong> : 2100 \u20ac <\/strong><\/p>\n\n\n\n<h2>Inclus dans la location : <\/h2>\n\n\n\n<p>&#8211; linges de lits                                                                                                                                                                         &#8211; draps de vaisselle                                                                                                                                                                                                                                           &#8211; serviettes de bain                                                                                                                                                            &#8211; trois lits b\u00e9b\u00e9                                                                                                                                                                     &#8211; une chaise b\u00e9b\u00e9 et deux chaises enfant                                                                                                            &#8211; Wifi                                                                                                                                                                                                                                                                          &#8211; Charges ( de consommation du gite (eau, chauffage, \u00e9lectricit\u00e9) sont comprises (les charges \u00e9nergie ne reprennent pas le chargement de v\u00e9hicules \u00e9lectriques, non permis au gite))<\/p>\n\n\n\n<h2>Informations : <\/h2>\n\n\n\n<p>Caution : 350\u20ac (rembours\u00e9e dans les 15 jours apr\u00e8s la fin du s\u00e9jour si aucun d\u00e9g\u00e2t)<\/p>\n\n\n\n<p>Paiement d&rsquo;un acompte de 30% au moment de la r\u00e9servation <\/p>\n\n\n\n<p>Animaux non admis<\/p>\n\n\n\n<p>Les <strong>charges<\/strong> de consommation du gite (eau, chauffage, \u00e9lectricit\u00e9) sont comprises (les charges \u00e9nergie ne reprennent pas le chargement de v\u00e9hicules \u00e9lectriques, non permis au gite)<\/p>\n\n\n\n<p><strong>ATTENTION&nbsp;:<\/strong> L\u2019organisation de f\u00eates d\u2019\u00e9tudiants, d\u2019enterrement de vie de JF\/JH ou autre f\u00eate de ce type est <strong>interdite<\/strong>. La musique sera coup\u00e9e \u00e0 22h. &nbsp;<\/p>\n\n\n\n<p>Le gite a une capacit\u00e9 de 12 personnes adultes et 3 lits b\u00e9b\u00e9s. Il est interdit d\u2019inviter des personnes suppl\u00e9mentaires durant le s\u00e9jour (le jour comme la nuit)&nbsp;&nbsp;&nbsp;&nbsp;&nbsp;&nbsp;&nbsp;&nbsp;&nbsp;&nbsp;&nbsp;<\/p>\n\n\n\n<p>Paiement par virement bancaire<\/p>\n","protected":false},"excerpt":{"rendered":"<p>Tarifs : BASSE SAISON (octobre \u00e0 mars) &#8211; Week-end (du vendredi arriv\u00e9e 16h &#8211; 18h au dimanche d\u00e9part avant 20h) : 1300 \u20ac * &#8211; Semaine (du vendredi arriv\u00e9e 16h &#8211; 18h au vendredi d\u00e9part avant 11h) : 1700 \u20ac** HAUTE SAISON (avril \u00e0 septembre) &#8211; Week-end (du vendredi arriv\u00e9e 16h &#8211; 18h au dimanche &hellip; <a href=\"https:\/\/www.gitelatilette.be\/index.php\/tarifs-et-disponibilites\/\" class=\"more-link\">Continuer la lecture<span class=\"screen-reader-text\"> de &laquo;&nbsp;Tarifs et disponibilit\u00e9s&nbsp;&raquo;<\/span><\/a><\/p>\n","protected":false},"author":1,"featured_media":266,"parent":0,"menu_order":0,"comment_status":"closed","ping_status":"closed","template":"","meta":{"_monsterinsights_skip_tracking":false,"_monsterinsights_sitenote_active":false,"_monsterinsights_sitenote_note":"","_monsterinsights_sitenote_category":0},"_links":{"self":[{"href":"https:\/\/www.gitelatilette.be\/index.php\/wp-json\/wp\/v2\/pages\/48"}],"collection":[{"href":"https:\/\/www.gitelatilette.be\/index.php\/wp-json\/wp\/v2\/pages"}],"about":[{"href":"https:\/\/www.gitelatilette.be\/index.php\/wp-json\/wp\/v2\/types\/page"}],"author":[{"embeddable":true,"href":"https:\/\/www.gitelatilette.be\/index.php\/wp-json\/wp\/v2\/users\/1"}],"replies":[{"embeddable":true,"href":"https:\/\/www.gitelatilette.be\/index.php\/wp-json\/wp\/v2\/comments?post=48"}],"version-history":[{"count":33,"href":"https:\/\/www.gitelatilette.be\/index.php\/wp-json\/wp\/v2\/pages\/48\/revisions"}],"predecessor-version":[{"id":669,"href":"https:\/\/www.gitelatilette.be\/index.php\/wp-json\/wp\/v2\/pages\/48\/revisions\/669"}],"wp:featuredmedia":[{"embeddable":true,"href":"https:\/\/www.gitelatilette.be\/index.php\/wp-json\/wp\/v2\/media\/266"}],"wp:attachment":[{"href":"https:\/\/www.gitelatilette.be\/index.php\/wp-json\/wp\/v2\/media?parent=48"}],"curies":[{"name":"wp","href":"https:\/\/api.w.org\/{rel}","templated":true}]}}